{"id":830,"date":"2025-02-15T18:21:09","date_gmt":"2025-02-15T18:21:09","guid":{"rendered":"https:\/\/drammenkulturrad.no\/wordpress\/?page_id=830"},"modified":"2025-02-15T18:32:46","modified_gmt":"2025-02-15T18:32:46","slug":"skolen-som-kulturarena","status":"publish","type":"page","link":"https:\/\/drammenkulturrad.no\/wordpress\/skolen-som-kulturarena\/","title":{"rendered":"Skolen som kulturarena"},"content":{"rendered":"\n<div class=\"wp-block-group alignfull has-accent-5-background-color has-background has-global-padding is-layout-constrained wp-container-core-group-is-layout-d89aad35 wp-block-group-is-layout-constrained\" style=\"margin-top:0;margin-bottom:0;padding-top:var(--wp--preset--spacing--50);padding-right:var(--wp--preset--spacing--50);padding-bottom:var(--wp--preset--spacing--50);padding-left:var(--wp--preset--spacing--50)\">\n<div class=\"wp-block-columns alignwide is-layout-flex wp-container-core-columns-is-layout-1da03c2a wp-block-columns-is-layout-flex\">\n<div class=\"wp-block-column is-vertically-aligned-center is-layout-flow wp-block-column-is-layout-flow\" style=\"flex-basis:60%\">\n<figure class=\"wp-block-image size-large is-resized is-style-rounded is-style-rounded--1\"><img loading=\"lazy\" decoding=\"async\" width=\"1024\" height=\"1024\" src=\"https:\/\/drammenkulturrad.no\/wordpress\/wp-content\/uploads\/2025\/02\/475912616_957163953185009_9161784120878330034_n-1-1024x1024.jpg\" alt=\"\" class=\"wp-image-835\" style=\"width:759px;height:auto\" srcset=\"https:\/\/drammenkulturrad.no\/wordpress\/wp-content\/uploads\/2025\/02\/475912616_957163953185009_9161784120878330034_n-1-1024x1024.jpg 1024w, https:\/\/drammenkulturrad.no\/wordpress\/wp-content\/uploads\/2025\/02\/475912616_957163953185009_9161784120878330034_n-1-300x300.jpg 300w, https:\/\/drammenkulturrad.no\/wordpress\/wp-content\/uploads\/2025\/02\/475912616_957163953185009_9161784120878330034_n-1-150x150.jpg 150w, https:\/\/drammenkulturrad.no\/wordpress\/wp-content\/uploads\/2025\/02\/475912616_957163953185009_9161784120878330034_n-1-768x768.jpg 768w, https:\/\/drammenkulturrad.no\/wordpress\/wp-content\/uploads\/2025\/02\/475912616_957163953185009_9161784120878330034_n-1-1536x1536.jpg 1536w, https:\/\/drammenkulturrad.no\/wordpress\/wp-content\/uploads\/2025\/02\/475912616_957163953185009_9161784120878330034_n-1.jpg 2048w\" sizes=\"auto, (max-width: 1024px) 100vw, 1024px\" \/><\/figure>\n<\/div>\n\n\n\n<div class=\"wp-block-column is-layout-flow wp-block-column-is-layout-flow\" style=\"flex-basis:40%\">\n<h2 class=\"wp-block-heading\">Skolen som kulturarena <\/h2>\n\n\n\n<p>Torsdag 14. november<\/p>\n\n\n\n<p>Fra dagens&nbsp;<a href=\"https:\/\/www.facebook.com\/events\/1665578381022507\/?__tn__=-UK*F\">SKOLEN SOM KULTURARENA&nbsp;<\/a><\/p>\n\n\n\n<figure class=\"wp-block-image\"><img decoding=\"async\" src=\"https:\/\/static.xx.fbcdn.net\/images\/emoji.php\/v9\/tc7\/2\/16\/1f3eb.png\" alt=\"\ud83c\udfeb\"\/><\/figure>\n\n\n\n<p>Takk til&nbsp;<a href=\"https:\/\/www.facebook.com\/profile.php?id=648537126&amp;__tn__=-]K*F\">Bj\u00f8rn Boge<\/a>&nbsp;som presenterte veilederen \u00abSkolen som kulturarena\u00bb, Bj\u00f8rn Tollef Swang fra Drammen Eiendom som redegjorde for byggeprosesser. I tillegg realitetsbeskrivelser fra Robert Piroz fra&nbsp;<a href=\"https:\/\/www.facebook.com\/NEBUTeater?__tn__=-]K*F\">Nedre Eiker barne- og ungdomsteater<\/a>, Annette H\u00e5vik fra&nbsp;<a href=\"https:\/\/www.facebook.com\/MjonSteinSkolekorps?__tn__=-]K*F\">Mj\u00f8ndalen og Steinberg skolekorps<\/a>, Guro Bj\u00f8rge fra Danvik skolekorps og \u00d8yvind Hansen, rektor ved&nbsp;<a href=\"https:\/\/www.facebook.com\/Danvikskole?__tn__=-]K*F\">Danvik skole<\/a>. Avslutningsvis fikk vi h\u00f8re et flott bidrag fra Danvik skolekorps&nbsp;<\/p>\n\n\n\n<p><\/p>\n\n\n\n<p><\/p>\n<\/div>\n<\/div>\n<\/div>\n\n\n\n<div class=\"wp-block-group alignfull has-accent-5-background-color has-background has-global-padding is-layout-constrained wp-container-core-group-is-layout-d89aad35 wp-block-group-is-layout-constrained\" style=\"margin-top:0;margin-bottom:0;padding-top:var(--wp--preset--spacing--50);padding-right:var(--wp--preset--spacing--50);padding-bottom:var(--wp--preset--spacing--50);padding-left:var(--wp--preset--spacing--50)\">\n<div class=\"wp-block-columns alignwide is-layout-flex wp-container-core-columns-is-layout-1da03c2a wp-block-columns-is-layout-flex\">\n<div class=\"wp-block-column is-vertically-aligned-center is-layout-flow wp-block-column-is-layout-flow\" style=\"flex-basis:60%\">\n<figure class=\"wp-block-image size-large is-resized is-style-rounded is-style-rounded--2\"><a href=\"https:\/\/afk.no\/_f\/p104\/i1aa8e43c-da2c-40c4-b9a0-c7a508a2000e\/veileder-skolen-som-kulturarena-viken-fk-231204-universelt-utformet.pdf\"><img loading=\"lazy\" decoding=\"async\" width=\"730\" height=\"1024\" src=\"https:\/\/drammenkulturrad.no\/wordpress\/wp-content\/uploads\/2025\/02\/Skjermbilde-2025-02-15-kl.-19.30.33-730x1024.png\" alt=\"\" class=\"wp-image-836\" style=\"width:759px;height:auto\" srcset=\"https:\/\/drammenkulturrad.no\/wordpress\/wp-content\/uploads\/2025\/02\/Skjermbilde-2025-02-15-kl.-19.30.33-730x1024.png 730w, https:\/\/drammenkulturrad.no\/wordpress\/wp-content\/uploads\/2025\/02\/Skjermbilde-2025-02-15-kl.-19.30.33-214x300.png 214w, https:\/\/drammenkulturrad.no\/wordpress\/wp-content\/uploads\/2025\/02\/Skjermbilde-2025-02-15-kl.-19.30.33-768x1078.png 768w, https:\/\/drammenkulturrad.no\/wordpress\/wp-content\/uploads\/2025\/02\/Skjermbilde-2025-02-15-kl.-19.30.33-1095x1536.png 1095w, https:\/\/drammenkulturrad.no\/wordpress\/wp-content\/uploads\/2025\/02\/Skjermbilde-2025-02-15-kl.-19.30.33.png 1270w\" sizes=\"auto, (max-width: 730px) 100vw, 730px\" \/><\/a><\/figure>\n<\/div>\n\n\n\n<div class=\"wp-block-column is-layout-flow wp-block-column-is-layout-flow\" style=\"flex-basis:40%\">\n<h2 class=\"wp-block-heading\">Skolen som kulturarena &#8211; veileder <\/h2>\n\n\n\n<p> <\/p>\n\n\n\n<p>Les veilederen <a href=\"https:\/\/afk.no\/_f\/p104\/i1aa8e43c-da2c-40c4-b9a0-c7a508a2000e\/veileder-skolen-som-kulturarena-viken-fk-231204-universelt-utformet.pdf\">her: <\/a><\/p>\n\n\n\n<p><\/p>\n<\/div>\n<\/div>\n<\/div>\n\n\n\n<div class=\"wp-block-group alignfull has-accent-2-background-color has-background has-global-padding is-layout-constrained wp-container-core-group-is-layout-669513ed wp-block-group-is-layout-constrained\" style=\"margin-top:0;margin-bottom:0;padding-top:var(--wp--preset--spacing--50);padding-right:var(--wp--preset--spacing--50);padding-bottom:var(--wp--preset--spacing--50);padding-left:var(--wp--preset--spacing--50)\">\n<figure class=\"wp-block-image alignwide size-large is-style-rounded is-style-rounded--3\"><img loading=\"lazy\" decoding=\"async\" width=\"1024\" height=\"575\" src=\"https:\/\/drammenkulturrad.no\/wordpress\/wp-content\/uploads\/2025\/02\/Skjermbilde-2024-10-30-kl.-13.51.03-1024x575.png\" alt=\"\" class=\"wp-image-831\" srcset=\"https:\/\/drammenkulturrad.no\/wordpress\/wp-content\/uploads\/2025\/02\/Skjermbilde-2024-10-30-kl.-13.51.03-1024x575.png 1024w, https:\/\/drammenkulturrad.no\/wordpress\/wp-content\/uploads\/2025\/02\/Skjermbilde-2024-10-30-kl.-13.51.03-300x168.png 300w, https:\/\/drammenkulturrad.no\/wordpress\/wp-content\/uploads\/2025\/02\/Skjermbilde-2024-10-30-kl.-13.51.03-768x431.png 768w, https:\/\/drammenkulturrad.no\/wordpress\/wp-content\/uploads\/2025\/02\/Skjermbilde-2024-10-30-kl.-13.51.03-1536x862.png 1536w, https:\/\/drammenkulturrad.no\/wordpress\/wp-content\/uploads\/2025\/02\/Skjermbilde-2024-10-30-kl.-13.51.03.png 1742w\" sizes=\"auto, (max-width: 1024px) 100vw, 1024px\" \/><\/figure>\n\n\n\n<div class=\"wp-block-columns alignwide is-layout-flex wp-container-core-columns-is-layout-28f84493 wp-block-columns-is-layout-flex\">\n<div class=\"wp-block-column is-layout-flow wp-block-column-is-layout-flow\" style=\"flex-basis:40%\">\n<p class=\"wp-container-content-0733e5d0\"><\/p>\n<\/div>\n\n\n\n<div class=\"wp-block-column is-layout-flow wp-block-column-is-layout-flow\" style=\"flex-basis:60%\">\n<p class=\"has-text-align-left has-heading-font-family has-x-large-font-size\" style=\"line-height:1.2\">Skolene er viktige kulturarenaer i lokalsamfunnet. Drammen kulturr\u00e5d inviterer til en kveld med fokus p\u00e5 hvorfor og hvordan skolene fungerer som lokale kulturhus, viktigheten av \u00e5 tilrettelegge for kulturaktiviteter n\u00e5r skoler skal bygges eller rehabiliteres og hvilke prosesser som medf\u00f8lger.<\/p>\n\n\n\n<p>&#8211; Planlegging og byggeprosess ved Bj\u00f8rn Tollef Swang, Drammen Eiendom<br>&#8211; Presentasjon av veilederen \u201cSkolen som kulturarena&#8221; av forfatter og r\u00e5dgiver Bj\u00f8rn Boge.<\/p>\n\n\n\n<p>&#8211; Pause m\/kaffe.<\/p>\n\n\n\n<p>&#8211; Panelsamtale med kulturakt\u00f8rer som benytter skolene som \u00f8vings- og fremf\u00f8ringsarena:<\/p>\n\n\n\n<p><img loading=\"lazy\" decoding=\"async\" height=\"16\" width=\"16\" alt=\"\u26ab\ufe0f\" src=\"https:\/\/static.xx.fbcdn.net\/images\/emoji.php\/v9\/t8f\/2\/16\/26ab.png\">&nbsp;Robert Piros, Nedre Eiker barne- og ungdomsteater<br><img loading=\"lazy\" decoding=\"async\" height=\"16\" width=\"16\" alt=\"\u26ab\ufe0f\" src=\"https:\/\/static.xx.fbcdn.net\/images\/emoji.php\/v9\/t8f\/2\/16\/26ab.png\">&nbsp;Guro Bj\u00f8rge, Danvik skolekorps<br><img loading=\"lazy\" decoding=\"async\" height=\"16\" width=\"16\" alt=\"\u26ab\ufe0f\" src=\"https:\/\/static.xx.fbcdn.net\/images\/emoji.php\/v9\/t8f\/2\/16\/26ab.png\">&nbsp;Annette Bentsen H\u00e5vik, Mj\u00f8ndalen og Steinberg skolekorps<br><img loading=\"lazy\" decoding=\"async\" height=\"16\" width=\"16\" alt=\"\u26ab\ufe0f\" src=\"https:\/\/static.xx.fbcdn.net\/images\/emoji.php\/v9\/t8f\/2\/16\/26ab.png\">&nbsp;\u00d8yvind Lyb\u00e6k Hansen, rektor Danvik skole<\/p>\n\n\n\n<p>&#8211; Minikonsert med Danvik skolekorps<\/p>\n\n\n\n<p>Arrangementet er \u00e5pent for alle og gratis.<\/p>\n\n\n\n<p class=\"has-heading-font-family has-x-large-font-size\" style=\"line-height:1.2\">Velkommen!<\/p>\n<\/div>\n<\/div>\n\n\n\n<div aria-hidden=\"true\" class=\"wp-block-spacer\"><\/div>\n<\/div>\n","protected":false},"excerpt":{"rendered":"<p>Skolen som kulturarena Torsdag 14. november Fra dagens&nbsp;SKOLEN SOM KULTURARENA&nbsp; Takk til&nbsp;Bj\u00f8rn Boge&nbsp;som presenterte veilederen \u00abSkolen som kulturarena\u00bb, Bj\u00f8rn Tollef Swang fra Drammen Eiendom som redegjorde for byggeprosesser. I tillegg realitetsbeskrivelser fra Robert Piroz fra&nbsp;Nedre Eiker barne- og ungdomsteater, Annette H\u00e5vik fra&nbsp;Mj\u00f8ndalen og Steinberg skolekorps, Guro Bj\u00f8rge fra Danvik skolekorps og \u00d8yvind Hansen, rektor ved&nbsp;Danvik [&hellip;]<\/p>\n","protected":false},"author":1,"featured_media":0,"parent":0,"menu_order":0,"comment_status":"closed","ping_status":"closed","template":"","meta":{"om_disable_all_campaigns":false,"_monsterinsights_skip_tracking":false,"_monsterinsights_sitenote_active":false,"_monsterinsights_sitenote_note":"","_monsterinsights_sitenote_category":0,"footnotes":""},"class_list":["post-830","page","type-page","status-publish","hentry"],"aioseo_notices":[],"_links":{"self":[{"href":"https:\/\/drammenkulturrad.no\/wordpress\/wp-json\/wp\/v2\/pages\/830","targetHints":{"allow":["GET"]}}],"collection":[{"href":"https:\/\/drammenkulturrad.no\/wordpress\/wp-json\/wp\/v2\/pages"}],"about":[{"href":"https:\/\/drammenkulturrad.no\/wordpress\/wp-json\/wp\/v2\/types\/page"}],"author":[{"embeddable":true,"href":"https:\/\/drammenkulturrad.no\/wordpress\/wp-json\/wp\/v2\/users\/1"}],"replies":[{"embeddable":true,"href":"https:\/\/drammenkulturrad.no\/wordpress\/wp-json\/wp\/v2\/comments?post=830"}],"version-history":[{"count":3,"href":"https:\/\/drammenkulturrad.no\/wordpress\/wp-json\/wp\/v2\/pages\/830\/revisions"}],"predecessor-version":[{"id":838,"href":"https:\/\/drammenkulturrad.no\/wordpress\/wp-json\/wp\/v2\/pages\/830\/revisions\/838"}],"wp:attachment":[{"href":"https:\/\/drammenkulturrad.no\/wordpress\/wp-json\/wp\/v2\/media?parent=830"}],"curies":[{"name":"wp","href":"https:\/\/api.w.org\/{rel}","templated":true}]}}