{"id":73,"date":"2024-05-30T18:17:16","date_gmt":"2024-05-30T18:17:16","guid":{"rendered":"https:\/\/drammenkulturrad.no\/wordpress\/?page_id=73"},"modified":"2025-04-04T14:41:33","modified_gmt":"2025-04-04T14:41:33","slug":"solidaritets-fondet","status":"publish","type":"page","link":"https:\/\/drammenkulturrad.no\/wordpress\/solidaritets-fondet\/","title":{"rendered":""},"content":{"rendered":"\n<h2 class=\"wp-block-heading has-text-align-center has-xx-large-font-size\"><a href=\"SAMARBEIDSPARTNERE:\">Solidaritetsfondet<\/a><\/h2>\n\n\n\n<p><strong>Hovedm\u00e5l:&nbsp;<\/strong>Inkludere barn og unge der \u00f8konomi er en barriere for deltagelse og forebygge utenforskap og sosial ulikhet.<\/p>\n\n\n\n<p><strong>Midlene skal underst\u00f8tte:<\/strong>&nbsp;&nbsp;<br>Kulturakt\u00f8renes arbeid med \u00e5 inkludere barn og ungdom mellom 6-19 \u00e5r som faller utenfor p\u00e5 grunn av sosial ulikhet og sosio\u00f8konomiske \u00e5rsaker.&nbsp; &nbsp;<br>Holde foreldrebetalingen og aktiviteter som er kostnadsdrivende nede.&nbsp;<br><br>Solidaritetsfondet er ment til \u00e5 sikre kultur- og aktivitetsglede for alle, med lik mulighet for deltagelse.<\/p>\n\n\n\n<p>Drammen kulturr\u00e5d forvalter midler til form\u00e5let p\u00e5 vegne av Drammen kommune. <\/p>\n\n\n\n<p><strong>Forutsetning for at kulturakt\u00f8rer skal kunne etablere Solidaritetsfondet er:<\/strong><\/p>\n\n\n\n<ol class=\"wp-block-list\">\n<li>Etablere eget kontonummer\/prosjektnr<\/li>\n\n\n\n<li>Etablere inkluderingsansvarlig\/kontaktperson<\/li>\n\n\n\n<li>Styrevedtak p\u00e5 oppretttelse av Solidaritetsfondet<\/li>\n<\/ol>\n\n\n\n<p>\u00d8nsker du\/dere \u00e5 opprette Solidaritetsfond?<\/p>\n\n\n\n<p>Trykk her: <a href=\"https:\/\/forms.gle\/iPwqAVTDoJVuzkcU8\">https:\/\/forms.gle\/iPwqAVTDoJVuzkcU8<\/a><\/p>\n\n\n\n<p><\/p>\n\n\n\n<div class=\"wp-block-group alignfull has-global-padding is-layout-constrained wp-container-core-group-is-layout-669513ed wp-block-group-is-layout-constrained\" style=\"margin-top:0;margin-bottom:0;padding-top:var(--wp--preset--spacing--50);padding-right:var(--wp--preset--spacing--50);padding-bottom:var(--wp--preset--spacing--50);padding-left:var(--wp--preset--spacing--50)\">\n<div class=\"wp-block-group is-vertical is-content-justification-center is-layout-flex wp-container-core-group-is-layout-ce155fab wp-block-group-is-layout-flex\">\n<h1 class=\"wp-block-heading has-text-align-center has-xx-large-font-size\"><a href=\"SAMARBEIDSPARTNERE:\">Samarbeidspartnere: <\/a><\/h1>\n\n\n\n<p class=\"has-text-align-center\">Drammen idrettsr\u00e5d, Drammen friluftsforum og Drammen kulturr\u00e5d samarbeider om \u00e5 inkludere alle barn og unge til idrett, kultur og friluftsliv.<\/p>\n\n\n\n<p><\/p>\n<\/div>\n\n\n\n<div class=\"wp-block-columns alignwide is-layout-flex wp-container-core-columns-is-layout-4935966c wp-block-columns-is-layout-flex\" style=\"padding-right:0;padding-left:0\">\n<div class=\"wp-block-column is-layout-flow wp-block-column-is-layout-flow\">\n<figure class=\"wp-block-image size-full is-style-rounded is-style-rounded--1\"><a href=\"https:\/\/www.xn--idrettsrd-d3a.no\/viken\/drammen\/stotteordninger\/solidaritetsfondet\/\"><img loading=\"lazy\" decoding=\"async\" width=\"2250\" height=\"2250\" src=\"https:\/\/drammenkulturrad.no\/wordpress\/wp-content\/uploads\/2024\/05\/solidaritetsfondet-idrett.jpeg\" alt=\"\" class=\"wp-image-79\" style=\"aspect-ratio:1;object-fit:cover\" srcset=\"https:\/\/drammenkulturrad.no\/wordpress\/wp-content\/uploads\/2024\/05\/solidaritetsfondet-idrett.jpeg 2250w, https:\/\/drammenkulturrad.no\/wordpress\/wp-content\/uploads\/2024\/05\/solidaritetsfondet-idrett-300x300.jpeg 300w, https:\/\/drammenkulturrad.no\/wordpress\/wp-content\/uploads\/2024\/05\/solidaritetsfondet-idrett-1024x1024.jpeg 1024w, https:\/\/drammenkulturrad.no\/wordpress\/wp-content\/uploads\/2024\/05\/solidaritetsfondet-idrett-150x150.jpeg 150w, https:\/\/drammenkulturrad.no\/wordpress\/wp-content\/uploads\/2024\/05\/solidaritetsfondet-idrett-768x768.jpeg 768w, https:\/\/drammenkulturrad.no\/wordpress\/wp-content\/uploads\/2024\/05\/solidaritetsfondet-idrett-1536x1536.jpeg 1536w, https:\/\/drammenkulturrad.no\/wordpress\/wp-content\/uploads\/2024\/05\/solidaritetsfondet-idrett-2048x2048.jpeg 2048w\" sizes=\"auto, (max-width: 2250px) 100vw, 2250px\" \/><\/a><\/figure>\n\n\n\n<div class=\"wp-block-group is-vertical is-content-justification-center is-nowrap is-layout-flex wp-container-core-group-is-layout-21d4e958 wp-block-group-is-layout-flex\">\n<p class=\"has-text-align-center has-small-font-size\"><strong>Drammen idrettsr\u00e5d<\/strong><\/p>\n\n\n\n<p class=\"has-text-align-center has-small-font-size\"><a data-type=\"link\" data-id=\"https:\/\/drammenfriluftsforum.no\/artikler-inspirasjon\/solidaritetsfondet-er-etablert\" href=\"https:\/\/www.xn--idrettsrd-d3a.no\/viken\/drammen\/stotteordninger\/solidaritetsfondet\/\">Idrettsaktiviteter <\/a><\/p>\n<\/div>\n<\/div>\n\n\n\n<div class=\"wp-block-column is-layout-flow wp-block-column-is-layout-flow\">\n<figure class=\"wp-block-image size-full is-style-rounded is-style-rounded--2\"><a href=\"https:\/\/drammenfriluftsforum.no\/artikler-inspirasjon\/solidaritetsfondet-er-etablert\"><img loading=\"lazy\" decoding=\"async\" width=\"901\" height=\"843\" src=\"https:\/\/drammenkulturrad.no\/wordpress\/wp-content\/uploads\/2024\/05\/friluftsforum-solidaritet.jpeg\" alt=\"\" class=\"wp-image-78\" style=\"aspect-ratio:1;object-fit:cover\" srcset=\"https:\/\/drammenkulturrad.no\/wordpress\/wp-content\/uploads\/2024\/05\/friluftsforum-solidaritet.jpeg 901w, https:\/\/drammenkulturrad.no\/wordpress\/wp-content\/uploads\/2024\/05\/friluftsforum-solidaritet-300x281.jpeg 300w, https:\/\/drammenkulturrad.no\/wordpress\/wp-content\/uploads\/2024\/05\/friluftsforum-solidaritet-768x719.jpeg 768w\" sizes=\"auto, (max-width: 901px) 100vw, 901px\" \/><\/a><\/figure>\n\n\n\n<div class=\"wp-block-group is-vertical is-content-justification-center is-nowrap is-layout-flex wp-container-core-group-is-layout-63bfd6c1 wp-block-group-is-layout-flex\">\n<p class=\"has-text-align-center has-small-font-size\"><strong>Drammen Friluftsforum <\/strong><\/p>\n\n\n\n<p class=\"has-text-align-center has-small-font-size\"><a data-type=\"link\" data-id=\"https:\/\/drammenfriluftsforum.no\/artikler-inspirasjon\/solidaritetsfondet-er-etablert\" href=\"https:\/\/drammenfriluftsforum.no\/artikler-inspirasjon\/solidaritetsfondet-er-etablert\">Friluftsaktiviteter <\/a><\/p>\n<\/div>\n<\/div>\n\n\n\n<div class=\"wp-block-column is-layout-flow wp-block-column-is-layout-flow\">\n<figure class=\"wp-block-image size-full is-style-rounded is-style-rounded--3\"><a href=\"https:\/\/drammenkulturrad.no\/wordpress\/solidaritets-fondet\/\"><img loading=\"lazy\" decoding=\"async\" width=\"1057\" height=\"1057\" src=\"https:\/\/drammenkulturrad.no\/wordpress\/wp-content\/uploads\/2024\/05\/solidaritetsfondet_kulturradet-2.jpg\" alt=\"\" class=\"wp-image-80\" style=\"aspect-ratio:1;object-fit:cover\" srcset=\"https:\/\/drammenkulturrad.no\/wordpress\/wp-content\/uploads\/2024\/05\/solidaritetsfondet_kulturradet-2.jpg 1057w, https:\/\/drammenkulturrad.no\/wordpress\/wp-content\/uploads\/2024\/05\/solidaritetsfondet_kulturradet-2-300x300.jpg 300w, https:\/\/drammenkulturrad.no\/wordpress\/wp-content\/uploads\/2024\/05\/solidaritetsfondet_kulturradet-2-1024x1024.jpg 1024w, https:\/\/drammenkulturrad.no\/wordpress\/wp-content\/uploads\/2024\/05\/solidaritetsfondet_kulturradet-2-150x150.jpg 150w, https:\/\/drammenkulturrad.no\/wordpress\/wp-content\/uploads\/2024\/05\/solidaritetsfondet_kulturradet-2-768x768.jpg 768w\" sizes=\"auto, (max-width: 1057px) 100vw, 1057px\" \/><\/a><\/figure>\n\n\n\n<div class=\"wp-block-group is-vertical is-content-justification-center is-nowrap is-layout-flex wp-container-core-group-is-layout-63bfd6c1 wp-block-group-is-layout-flex\">\n<p class=\"has-text-align-center has-small-font-size\"><strong>Drammen kulturr\u00e5d <\/strong><\/p>\n\n\n\n<p class=\"has-text-align-center has-small-font-size\"><a href=\"https:\/\/drammenkulturrad.no\/wordpress\/solidaritets-fondet\/\" title=\"\">Kulturaktiviteter <\/a><\/p>\n<\/div>\n<\/div>\n<\/div>\n<\/div>\n\n\n\n<h2 class=\"wp-block-heading\">NYHETER: <\/h2>\n\n\n\n<div class=\"wp-block-media-text is-stacked-on-mobile\"><figure class=\"wp-block-media-text__media\"><img loading=\"lazy\" decoding=\"async\" width=\"957\" height=\"1024\" src=\"https:\/\/drammenkulturrad.no\/wordpress\/wp-content\/uploads\/2025\/02\/Skjermbilde-2025-01-17-kl.-12.41.59-1-957x1024.png\" alt=\"\" class=\"wp-image-814 size-full\" srcset=\"https:\/\/drammenkulturrad.no\/wordpress\/wp-content\/uploads\/2025\/02\/Skjermbilde-2025-01-17-kl.-12.41.59-1-957x1024.png 957w, https:\/\/drammenkulturrad.no\/wordpress\/wp-content\/uploads\/2025\/02\/Skjermbilde-2025-01-17-kl.-12.41.59-1-280x300.png 280w, https:\/\/drammenkulturrad.no\/wordpress\/wp-content\/uploads\/2025\/02\/Skjermbilde-2025-01-17-kl.-12.41.59-1-768x822.png 768w, https:\/\/drammenkulturrad.no\/wordpress\/wp-content\/uploads\/2025\/02\/Skjermbilde-2025-01-17-kl.-12.41.59-1.png 1222w\" sizes=\"auto, (max-width: 957px) 100vw, 957px\" \/><\/figure><div class=\"wp-block-media-text__content\">\n<p>Over 100 ungdommer har benyttet seg av gratistilbudet: \u2013 Enorm respons. Les hele saken p\u00e5 <a href=\"https:\/\/www.dt.no\/drammen-kino-gratis-ungdomskino-treffer-blink-med-over-100-besokende\/s\/5-57-2531561\">dt.no<\/a> her:<\/p>\n<\/div><\/div>\n\n\n\n<div class=\"wp-block-media-text is-stacked-on-mobile\"><figure class=\"wp-block-media-text__media\"><img loading=\"lazy\" decoding=\"async\" width=\"616\" height=\"514\" src=\"https:\/\/drammenkulturrad.no\/wordpress\/wp-content\/uploads\/2025\/02\/Skjermbilde-2025-02-05-kl.-19.16.47.png\" alt=\"\" class=\"wp-image-811 size-full\" srcset=\"https:\/\/drammenkulturrad.no\/wordpress\/wp-content\/uploads\/2025\/02\/Skjermbilde-2025-02-05-kl.-19.16.47.png 616w, https:\/\/drammenkulturrad.no\/wordpress\/wp-content\/uploads\/2025\/02\/Skjermbilde-2025-02-05-kl.-19.16.47-300x250.png 300w\" sizes=\"auto, (max-width: 616px) 100vw, 616px\" \/><\/figure><div class=\"wp-block-media-text__content\">\n<p>\u00d8nsket et sted som holder unge borte fra kriminalitet &#8211; n\u00e5 blir det gratis ungdomskino i byen. Les hele saken p\u00e5 <a href=\"https:\/\/www.dt.no\/onsket-et-sted-som-holder-dem-borte-fra-kriminalitet-na-blir-det-gratis-ungdomskino-i-byen\/s\/5-57-2485991\">dt.no<\/a> her: <\/p>\n<\/div><\/div>\n\n\n\n<div class=\"wp-block-media-text is-stacked-on-mobile\"><figure class=\"wp-block-media-text__media\"><img loading=\"lazy\" decoding=\"async\" width=\"1024\" height=\"458\" src=\"https:\/\/drammenkulturrad.no\/wordpress\/wp-content\/uploads\/2025\/04\/487404661_610906295286046_6943339378418029445_n-1024x458.jpg\" alt=\"\" class=\"wp-image-938 size-full\" srcset=\"https:\/\/drammenkulturrad.no\/wordpress\/wp-content\/uploads\/2025\/04\/487404661_610906295286046_6943339378418029445_n-1024x458.jpg 1024w, https:\/\/drammenkulturrad.no\/wordpress\/wp-content\/uploads\/2025\/04\/487404661_610906295286046_6943339378418029445_n-300x134.jpg 300w, https:\/\/drammenkulturrad.no\/wordpress\/wp-content\/uploads\/2025\/04\/487404661_610906295286046_6943339378418029445_n-768x344.jpg 768w, https:\/\/drammenkulturrad.no\/wordpress\/wp-content\/uploads\/2025\/04\/487404661_610906295286046_6943339378418029445_n.jpg 1430w\" sizes=\"auto, (max-width: 1024px) 100vw, 1024px\" \/><\/figure><div class=\"wp-block-media-text__content\">\n<p>Lier og Drammen ungdomskorps har f\u00e5tt st\u00f8tte fra Solidaritetsfondet for \u00e5 delta i NM i janitsjar i Trondheim. <\/p>\n<\/div><\/div>\n\n\n\n<div class=\"wp-block-media-text is-stacked-on-mobile\"><figure class=\"wp-block-media-text__media\"><a href=\"https:\/\/www.nrk.no\/buskerud\/samarbeider-for-a-hjelpe-barnefamilier-i-drammen-med-darlig-rad-1.16660297\"><img loading=\"lazy\" decoding=\"async\" width=\"1024\" height=\"550\" src=\"https:\/\/drammenkulturrad.no\/wordpress\/wp-content\/uploads\/2024\/09\/Skjermbilde-2024-09-30-kl.-00.07.55-1024x550.png\" alt=\"\" class=\"wp-image-640 size-full\" srcset=\"https:\/\/drammenkulturrad.no\/wordpress\/wp-content\/uploads\/2024\/09\/Skjermbilde-2024-09-30-kl.-00.07.55-1024x550.png 1024w, https:\/\/drammenkulturrad.no\/wordpress\/wp-content\/uploads\/2024\/09\/Skjermbilde-2024-09-30-kl.-00.07.55-300x161.png 300w, https:\/\/drammenkulturrad.no\/wordpress\/wp-content\/uploads\/2024\/09\/Skjermbilde-2024-09-30-kl.-00.07.55-768x412.png 768w, https:\/\/drammenkulturrad.no\/wordpress\/wp-content\/uploads\/2024\/09\/Skjermbilde-2024-09-30-kl.-00.07.55-1536x824.png 1536w, https:\/\/drammenkulturrad.no\/wordpress\/wp-content\/uploads\/2024\/09\/Skjermbilde-2024-09-30-kl.-00.07.55-2048x1099.png 2048w\" sizes=\"auto, (max-width: 1024px) 100vw, 1024px\" \/><\/a><\/figure><div class=\"wp-block-media-text__content\">\n<p>Samarbeider for \u00e5 hjelpe barnefamilier med d\u00e5rlig r\u00e5d: \u2013 En historisk dag<\/p>\n\n\n\n<p>Idretten, kulturen og friluftslivet i Drammen vil hjelpe barn og unge til \u00e5 delta i fritidsaktiviteter. Les hele saken p\u00e5 <a href=\"https:\/\/www.nrk.no\/buskerud\/samarbeider-for-a-hjelpe-barnefamilier-i-drammen-med-darlig-rad-1.16660297\" title=\"NRK her: \">NRK her: <\/a><\/p>\n<\/div><\/div>\n\n\n\n<div class=\"wp-block-media-text is-stacked-on-mobile\"><figure class=\"wp-block-media-text__media\"><a href=\"https:\/\/www.godset.no\/sammen-for-drammen\/nyheter\/solidaritetsfondet-en-felles-losning-for-lik-deltagelse\"><img loading=\"lazy\" decoding=\"async\" width=\"1024\" height=\"576\" src=\"https:\/\/drammenkulturrad.no\/wordpress\/wp-content\/uploads\/2024\/09\/tempImageWXRmsH.png-1-1024x576.jpg\" alt=\"\" class=\"wp-image-648 size-full\" srcset=\"https:\/\/drammenkulturrad.no\/wordpress\/wp-content\/uploads\/2024\/09\/tempImageWXRmsH.png-1-1024x576.jpg 1024w, https:\/\/drammenkulturrad.no\/wordpress\/wp-content\/uploads\/2024\/09\/tempImageWXRmsH.png-1-300x169.jpg 300w, https:\/\/drammenkulturrad.no\/wordpress\/wp-content\/uploads\/2024\/09\/tempImageWXRmsH.png-1-768x432.jpg 768w, https:\/\/drammenkulturrad.no\/wordpress\/wp-content\/uploads\/2024\/09\/tempImageWXRmsH.png-1-1536x864.jpg 1536w, https:\/\/drammenkulturrad.no\/wordpress\/wp-content\/uploads\/2024\/09\/tempImageWXRmsH.png-1.jpg 1600w\" sizes=\"auto, (max-width: 1024px) 100vw, 1024px\" \/><\/a><\/figure><div class=\"wp-block-media-text__content\">\n<p>Solidaritetsfondet- en felles l\u00f8sning for lik deltagelse. <\/p>\n\n\n\n<p>Torsdag morgen inviterte Str\u00f8msgodset Toppfotball og Drammen Idrettsr\u00e5d til frokostm\u00f8te. M\u00e5let var \u00e5 komme sammen om \u00e5 finne l\u00f8sninger for \u00e5 senke de \u00f8konomiske barrierene i idretten. Les hele saken p\u00e5 <a href=\"https:\/\/www.godset.no\/sammen-for-drammen\/nyheter\/solidaritetsfondet-en-felles-losning-for-lik-deltagelse\" title=\"godset.no her:\">godset.no her:<\/a><\/p>\n<\/div><\/div>\n\n\n\n<div class=\"wp-block-media-text is-stacked-on-mobile\"><figure class=\"wp-block-media-text__media\"><a href=\"https:\/\/www.dt.no\/unikt-samarbeid-vil-gi-like-muligheter-for-alle-barn-og-unge-i-drammen\/o\/5-57-2289058\"><img loading=\"lazy\" decoding=\"async\" width=\"1024\" height=\"969\" src=\"https:\/\/drammenkulturrad.no\/wordpress\/wp-content\/uploads\/2024\/09\/Skjermbilde-2024-10-01-kl.-01.53.59-1024x969.png\" alt=\"\" class=\"wp-image-661 size-full\" srcset=\"https:\/\/drammenkulturrad.no\/wordpress\/wp-content\/uploads\/2024\/09\/Skjermbilde-2024-10-01-kl.-01.53.59-1024x969.png 1024w, https:\/\/drammenkulturrad.no\/wordpress\/wp-content\/uploads\/2024\/09\/Skjermbilde-2024-10-01-kl.-01.53.59-300x284.png 300w, https:\/\/drammenkulturrad.no\/wordpress\/wp-content\/uploads\/2024\/09\/Skjermbilde-2024-10-01-kl.-01.53.59-768x727.png 768w, https:\/\/drammenkulturrad.no\/wordpress\/wp-content\/uploads\/2024\/09\/Skjermbilde-2024-10-01-kl.-01.53.59.png 1340w\" sizes=\"auto, (max-width: 1024px) 100vw, 1024px\" \/><\/a><\/figure><div class=\"wp-block-media-text__content\">\n<p>Kostnadene Drammen kommune har hver gang et barn faller utenfor fellesskapet overstiger kostnadene ved \u00e5 investere i Solidaritetsfondet. Les hele saken p\u00e5 <a href=\"https:\/\/www.godset.no\/sammen-for-drammen\/nyheter\/solidaritetsfondet-en-felles-losning-for-lik-deltagelse\" title=\"godset.no her:\">dt.no her: <\/a><\/p>\n<\/div><\/div>\n\n\n\n<div class=\"wp-block-group alignwide is-layout-flow wp-block-group-is-layout-flow\" style=\"padding-top:var(--wp--preset--spacing--50);padding-bottom:var(--wp--preset--spacing--50)\">\n<figure class=\"wp-block-image size-full is-resized\"><img decoding=\"async\" src=\"https:\/\/drammenkulturrad.no\/wordpress\/wp-content\/themes\/twentytwentyfour\/assets\/images\/icon-message.webp\" alt=\"\" style=\"width:40px;height:auto\"\/><\/figure>\n\n\n\n<hr class=\"wp-block-separator has-alpha-channel-opacity is-style-wide\"\/>\n\n\n\n<div class=\"wp-block-columns is-layout-flex wp-container-core-columns-is-layout-633352e7 wp-block-columns-is-layout-flex\" style=\"padding-top:var(--wp--preset--spacing--10)\">\n<div class=\"wp-block-column is-layout-flow wp-block-column-is-layout-flow\" style=\"flex-basis:57%\">\n<h6 class=\"wp-block-heading has-x-large-font-size\">Har du innspill, ta gjerne kontakt!<\/h6>\n<\/div>\n\n\n\n<div class=\"wp-block-column is-layout-flow wp-block-column-is-layout-flow\" style=\"flex-basis:30%\">\n<div class=\"wp-block-group is-vertical is-layout-flex wp-container-core-group-is-layout-ea0cb840 wp-block-group-is-layout-flex\">\n<h3 class=\"wp-block-heading has-body-font-family has-medium-font-size\">Kontakt<\/h3>\n\n\n\n<p><a href=\"#\">post@drammenkulturrad.no<\/a><\/p>\n<\/div>\n<\/div>\n\n\n\n<div class=\"wp-block-column is-layout-flow wp-block-column-is-layout-flow\" style=\"flex-basis:30%\">\n<div class=\"wp-block-columns is-not-stacked-on-mobile is-layout-flex wp-container-core-columns-is-layout-28f84493 wp-block-columns-is-layout-flex\">\n<div class=\"wp-block-column is-layout-flow wp-block-column-is-layout-flow\">\n<div class=\"wp-block-group is-vertical is-layout-flex wp-container-core-group-is-layout-ea0cb840 wp-block-group-is-layout-flex\">\n<h3 class=\"wp-block-heading has-body-font-family has-medium-font-size\">F\u00f8lg<\/h3>\n\n\n\n<p><a href=\"https:\/\/www.facebook.com\/drammenkulturrad\" title=\"\">Facebook<\/a><\/p>\n<\/div>\n<\/div>\n<\/div>\n<\/div>\n<\/div>\n\n\n\n<div style=\"height:var(--wp--preset--spacing--50)\" aria-hidden=\"true\" class=\"wp-block-spacer\"><\/div>\n\n\n\n<div class=\"wp-block-group is-content-justification-space-between is-layout-flex wp-container-core-group-is-layout-e5edad21 wp-block-group-is-layout-flex\">\n<div class=\"wp-block-group is-layout-flex wp-container-core-group-is-layout-fe1ad1e6 wp-block-group-is-layout-flex\">\n<p class=\"has-small-font-size\">\u00a9<\/p>\n\n\n<p style=\"font-style:normal;font-weight:400;\" class=\"wp-block-site-title has-small-font-size\"><a href=\"https:\/\/drammenkulturrad.no\/wordpress\" target=\"_self\" rel=\"home\">DRAMMEN KULTURR\u00c5D<\/a><\/p><\/div>\n\n\n\n<p class=\"has-small-font-size\">\n\t\t\t\tUtformet med <a href=\"https:\/\/nb.wordpress.org\" rel=\"nofollow\">WordPress<\/a>\t\t\t<\/p>\n<\/div>\n<\/div>\n","protected":false},"excerpt":{"rendered":"<p>Solidaritetsfondet Hovedm\u00e5l:&nbsp;Inkludere barn og unge der \u00f8konomi er en barriere for deltagelse og forebygge utenforskap og sosial ulikhet. Midlene skal underst\u00f8tte:&nbsp;&nbsp;Kulturakt\u00f8renes arbeid med \u00e5 inkludere barn og ungdom mellom 6-19 \u00e5r som faller utenfor p\u00e5 grunn av sosial ulikhet og sosio\u00f8konomiske \u00e5rsaker.&nbsp; &nbsp;Holde foreldrebetalingen og aktiviteter som er kostnadsdrivende nede.&nbsp; Solidaritetsfondet er ment til \u00e5 [&hellip;]<\/p>\n","protected":false},"author":1,"featured_media":80,"parent":0,"menu_order":0,"comment_status":"closed","ping_status":"closed","template":"","meta":{"om_disable_all_campaigns":false,"_monsterinsights_skip_tracking":false,"_monsterinsights_sitenote_active":false,"_monsterinsights_sitenote_note":"","_monsterinsights_sitenote_category":0,"footnotes":""},"class_list":["post-73","page","type-page","status-publish","has-post-thumbnail","hentry"],"aioseo_notices":[],"_links":{"self":[{"href":"https:\/\/drammenkulturrad.no\/wordpress\/wp-json\/wp\/v2\/pages\/73","targetHints":{"allow":["GET"]}}],"collection":[{"href":"https:\/\/drammenkulturrad.no\/wordpress\/wp-json\/wp\/v2\/pages"}],"about":[{"href":"https:\/\/drammenkulturrad.no\/wordpress\/wp-json\/wp\/v2\/types\/page"}],"author":[{"embeddable":true,"href":"https:\/\/drammenkulturrad.no\/wordpress\/wp-json\/wp\/v2\/users\/1"}],"replies":[{"embeddable":true,"href":"https:\/\/drammenkulturrad.no\/wordpress\/wp-json\/wp\/v2\/comments?post=73"}],"version-history":[{"count":29,"href":"https:\/\/drammenkulturrad.no\/wordpress\/wp-json\/wp\/v2\/pages\/73\/revisions"}],"predecessor-version":[{"id":941,"href":"https:\/\/drammenkulturrad.no\/wordpress\/wp-json\/wp\/v2\/pages\/73\/revisions\/941"}],"wp:featuredmedia":[{"embeddable":true,"href":"https:\/\/drammenkulturrad.no\/wordpress\/wp-json\/wp\/v2\/media\/80"}],"wp:attachment":[{"href":"https:\/\/drammenkulturrad.no\/wordpress\/wp-json\/wp\/v2\/media?parent=73"}],"curies":[{"name":"wp","href":"https:\/\/api.w.org\/{rel}","templated":true}]}}