{"id":627,"date":"2025-02-15T18:10:22","date_gmt":"2025-02-15T18:10:22","guid":{"rendered":"https:\/\/drammenkulturrad.no\/wordpress\/?page_id=627"},"modified":"2025-04-04T13:12:28","modified_gmt":"2025-04-04T13:12:28","slug":"forum-for-profesjonelle-kulturaktorer","status":"publish","type":"page","link":"https:\/\/drammenkulturrad.no\/wordpress\/forum-for-profesjonelle-kulturaktorer\/","title":{"rendered":"Forum for profesjonelle kulturakt\u00f8rer"},"content":{"rendered":"\n<p><strong><em>Form\u00e5l: Samle de profesjonelle akt\u00f8rene innen kunst- og kulturfeltet, bidra til \u00e5 bygge nettverk for kulturn\u00e6ring og styrke Drammen som regionsenter for kultur.&nbsp;<\/em><\/strong><br><\/p>\n\n\n\n<div class=\"wp-block-group alignfull has-accent-5-background-color has-background has-global-padding is-layout-constrained wp-container-core-group-is-layout-d89aad35 wp-block-group-is-layout-constrained\" style=\"margin-top:0;margin-bottom:0;padding-top:var(--wp--preset--spacing--50);padding-right:var(--wp--preset--spacing--50);padding-bottom:var(--wp--preset--spacing--50);padding-left:var(--wp--preset--spacing--50)\">\n<div class=\"wp-block-columns alignwide is-layout-flex wp-container-core-columns-is-layout-1da03c2a wp-block-columns-is-layout-flex\">\n<div class=\"wp-block-column is-vertically-aligned-center is-layout-flow wp-block-column-is-layout-flow\" style=\"flex-basis:60%\">\n<figure class=\"wp-block-image size-large is-resized is-style-rounded is-style-rounded--1\"><img loading=\"lazy\" decoding=\"async\" width=\"1901\" height=\"1901\" src=\"https:\/\/drammenkulturrad.no\/wordpress\/wp-content\/uploads\/2025\/04\/488602431_997538299147574_1593604447575110542_n-edited-1.jpg\" alt=\"\" class=\"wp-image-928\" style=\"width:759px;height:auto\" srcset=\"https:\/\/drammenkulturrad.no\/wordpress\/wp-content\/uploads\/2025\/04\/488602431_997538299147574_1593604447575110542_n-edited-1.jpg 1901w, https:\/\/drammenkulturrad.no\/wordpress\/wp-content\/uploads\/2025\/04\/488602431_997538299147574_1593604447575110542_n-edited-1-300x300.jpg 300w, https:\/\/drammenkulturrad.no\/wordpress\/wp-content\/uploads\/2025\/04\/488602431_997538299147574_1593604447575110542_n-edited-1-1024x1024.jpg 1024w, https:\/\/drammenkulturrad.no\/wordpress\/wp-content\/uploads\/2025\/04\/488602431_997538299147574_1593604447575110542_n-edited-1-150x150.jpg 150w, https:\/\/drammenkulturrad.no\/wordpress\/wp-content\/uploads\/2025\/04\/488602431_997538299147574_1593604447575110542_n-edited-1-768x768.jpg 768w, https:\/\/drammenkulturrad.no\/wordpress\/wp-content\/uploads\/2025\/04\/488602431_997538299147574_1593604447575110542_n-edited-1-1536x1536.jpg 1536w\" sizes=\"auto, (max-width: 1901px) 100vw, 1901px\" \/><\/figure>\n<\/div>\n\n\n\n<div class=\"wp-block-column is-layout-flow wp-block-column-is-layout-flow\" style=\"flex-basis:40%\">\n<h2 class=\"wp-block-heading\">Forum for profesjonelle kulturakt\u00f8rer 02.04.25<\/h2>\n\n\n\n<p>Drammens Museum<br><\/p>\n\n\n\n<p>Fra g\u00e5rsdagen \u00abForum for profesjonelle kulturakt\u00f8rer\u00bb arrangert av Drammen kulturr\u00e5d og Drammen kommune. Hovedtaler Kristin Danielsen, direkt\u00f8r i&nbsp;<a href=\"https:\/\/www.facebook.com\/kulturdirektoratet?__cft__[0]=AZVbmdYN63SNthachtewDxaxhl57PjyY_0Jd1zdNlTnB80Pf3fFpSW4_qse-C-LJ-1WYenARIEUSSjXLCKOEkaNpsPZG0UxeW5B1yuJW-fXp749ZyVpRPIrlxyA0I_6--i3o0s6lpj9o7ktmNblLkN1vcRhLhgPj-v7WjLz6xM7NAh3Yw4jZPpR9rcGaSoW7pAA&amp;__tn__=-]K*F\">Kulturdirektoratet<\/a>, holdt foredrag om &#8220;Kultur som beredskap&#8221;, samt aspekter rundt viktigheten av bygge og utvikle et kraftfullt kulturliv i sin helhet.<\/p>\n\n\n\n<p>Nora Evensen, teatersjef&nbsp;<a href=\"https:\/\/www.facebook.com\/BRAGETEATRET?__cft__[0]=AZVbmdYN63SNthachtewDxaxhl57PjyY_0Jd1zdNlTnB80Pf3fFpSW4_qse-C-LJ-1WYenARIEUSSjXLCKOEkaNpsPZG0UxeW5B1yuJW-fXp749ZyVpRPIrlxyA0I_6--i3o0s6lpj9o7ktmNblLkN1vcRhLhgPj-v7WjLz6xM7NAh3Yw4jZPpR9rcGaSoW7pAA&amp;__tn__=-]K*F\">Brageteatret<\/a>&nbsp;og Eivor Winther Sunesen, museumsdirekt\u00f8r&nbsp;<a href=\"https:\/\/www.facebook.com\/drammensmuseum?__cft__[0]=AZVbmdYN63SNthachtewDxaxhl57PjyY_0Jd1zdNlTnB80Pf3fFpSW4_qse-C-LJ-1WYenARIEUSSjXLCKOEkaNpsPZG0UxeW5B1yuJW-fXp749ZyVpRPIrlxyA0I_6--i3o0s6lpj9o7ktmNblLkN1vcRhLhgPj-v7WjLz6xM7NAh3Yw4jZPpR9rcGaSoW7pAA&amp;__tn__=-]K*F\">Drammens Museum<\/a>&nbsp;presenterte tanker og ideer rundt satsingen Kulturbyen Drammen og inviterte samtlige kulturakt\u00f8rer til deltakelse. Herborg Maria B\u00f8rve Rasmussen i&nbsp;<a href=\"https:\/\/www.facebook.com\/NaeringsforeningenDrammensreg?__cft__[0]=AZVbmdYN63SNthachtewDxaxhl57PjyY_0Jd1zdNlTnB80Pf3fFpSW4_qse-C-LJ-1WYenARIEUSSjXLCKOEkaNpsPZG0UxeW5B1yuJW-fXp749ZyVpRPIrlxyA0I_6--i3o0s6lpj9o7ktmNblLkN1vcRhLhgPj-v7WjLz6xM7NAh3Yw4jZPpR9rcGaSoW7pAA&amp;__tn__=-]K*F\">N\u00e6ringsforeningen i Drammensregionen<\/a>&nbsp;presenterte Ressursgruppe Kulturn\u00e6ring. Fra 2026 skal vi samarrangere et \u00e5rlig arrangement rettet mot profesjonelle kulturakt\u00f8rer og kulturn\u00e6ring.<\/p>\n\n\n\n<p>Innledning og oppsummering ved&nbsp;<a href=\"https:\/\/www.facebook.com\/jorunn.staavi?__cft__[0]=AZVbmdYN63SNthachtewDxaxhl57PjyY_0Jd1zdNlTnB80Pf3fFpSW4_qse-C-LJ-1WYenARIEUSSjXLCKOEkaNpsPZG0UxeW5B1yuJW-fXp749ZyVpRPIrlxyA0I_6--i3o0s6lpj9o7ktmNblLkN1vcRhLhgPj-v7WjLz6xM7NAh3Yw4jZPpR9rcGaSoW7pAA&amp;__tn__=-]K*F\">Jorunn Staavi Larsen<\/a>, Kommunalsjef for kultur, idrett og frivillighet og&nbsp;<a href=\"https:\/\/www.facebook.com\/magnus.oseth?__cft__[0]=AZVbmdYN63SNthachtewDxaxhl57PjyY_0Jd1zdNlTnB80Pf3fFpSW4_qse-C-LJ-1WYenARIEUSSjXLCKOEkaNpsPZG0UxeW5B1yuJW-fXp749ZyVpRPIrlxyA0I_6--i3o0s6lpj9o7ktmNblLkN1vcRhLhgPj-v7WjLz6xM7NAh3Yw4jZPpR9rcGaSoW7pAA&amp;__tn__=-]K*F\">Magnus Aannestad Oseth<\/a>, daglig leder Drammen kulturr\u00e5d. Takk til&nbsp;<a href=\"https:\/\/www.facebook.com\/drammensmuseum?__cft__[0]=AZVbmdYN63SNthachtewDxaxhl57PjyY_0Jd1zdNlTnB80Pf3fFpSW4_qse-C-LJ-1WYenARIEUSSjXLCKOEkaNpsPZG0UxeW5B1yuJW-fXp749ZyVpRPIrlxyA0I_6--i3o0s6lpj9o7ktmNblLkN1vcRhLhgPj-v7WjLz6xM7NAh3Yw4jZPpR9rcGaSoW7pAA&amp;__tn__=-]K*F\">Drammens Museum<\/a>&nbsp;som var vertskap og stod for avsluttende omvisning i utstillingene &#8220;Minner om ting&#8221; \u2013 Alfthan Juels gaver til museet og&nbsp;<a href=\"https:\/\/www.facebook.com\/kariullebergglass?__cft__[0]=AZVbmdYN63SNthachtewDxaxhl57PjyY_0Jd1zdNlTnB80Pf3fFpSW4_qse-C-LJ-1WYenARIEUSSjXLCKOEkaNpsPZG0UxeW5B1yuJW-fXp749ZyVpRPIrlxyA0I_6--i3o0s6lpj9o7ktmNblLkN1vcRhLhgPj-v7WjLz6xM7NAh3Yw4jZPpR9rcGaSoW7pAA&amp;__tn__=-]K*F\">Kari Ulleberg Glass<\/a>&nbsp;\u2013 &#8220;It Comes with a Story&#8221;.<\/p>\n\n\n\n<p><\/p>\n\n\n\n<div class=\"wp-block-buttons is-layout-flex wp-block-buttons-is-layout-flex\">\n<div class=\"wp-block-button\"><a class=\"wp-block-button__link wp-element-button\" href=\"https:\/\/forms.gle\/PKWg2MdPRd2nt7dR9\">P\u00e5melding<\/a><\/div>\n<\/div>\n<\/div>\n<\/div>\n<\/div>\n\n\n\n<hr class=\"wp-block-separator has-alpha-channel-opacity\"\/>\n\n\n\n<div class=\"wp-block-group alignfull has-accent-5-background-color has-background has-global-padding is-layout-constrained wp-container-core-group-is-layout-d89aad35 wp-block-group-is-layout-constrained\" style=\"margin-top:0;margin-bottom:0;padding-top:var(--wp--preset--spacing--50);padding-right:var(--wp--preset--spacing--50);padding-bottom:var(--wp--preset--spacing--50);padding-left:var(--wp--preset--spacing--50)\">\n<div class=\"wp-block-columns alignwide is-layout-flex wp-container-core-columns-is-layout-1da03c2a wp-block-columns-is-layout-flex\">\n<div class=\"wp-block-column is-vertically-aligned-center is-layout-flow wp-block-column-is-layout-flow\" style=\"flex-basis:60%\">\n<figure class=\"wp-block-image size-large is-resized is-style-rounded is-style-rounded--2\"><img loading=\"lazy\" decoding=\"async\" width=\"1024\" height=\"576\" src=\"https:\/\/drammenkulturrad.no\/wordpress\/wp-content\/uploads\/2025\/02\/Invitasjon-2.-april-1-1-1024x576.jpg\" alt=\"\" class=\"wp-image-901\" style=\"width:759px;height:auto\" srcset=\"https:\/\/drammenkulturrad.no\/wordpress\/wp-content\/uploads\/2025\/02\/Invitasjon-2.-april-1-1-1024x576.jpg 1024w, https:\/\/drammenkulturrad.no\/wordpress\/wp-content\/uploads\/2025\/02\/Invitasjon-2.-april-1-1-300x169.jpg 300w, https:\/\/drammenkulturrad.no\/wordpress\/wp-content\/uploads\/2025\/02\/Invitasjon-2.-april-1-1-768x432.jpg 768w, https:\/\/drammenkulturrad.no\/wordpress\/wp-content\/uploads\/2025\/02\/Invitasjon-2.-april-1-1-1536x864.jpg 1536w, https:\/\/drammenkulturrad.no\/wordpress\/wp-content\/uploads\/2025\/02\/Invitasjon-2.-april-1-1-2048x1152.jpg 2048w\" sizes=\"auto, (max-width: 1024px) 100vw, 1024px\" \/><\/figure>\n<\/div>\n\n\n\n<div class=\"wp-block-column is-layout-flow wp-block-column-is-layout-flow\" style=\"flex-basis:40%\">\n<h2 class=\"wp-block-heading\">Invitasjon til: Forum for profesjonelle kulturakt\u00f8rer<br><\/h2>\n\n\n\n<p>Onsdag 2. april kl. 14:00-16:30 <\/p>\n\n\n\n<p>Drammens Museum <\/p>\n\n\n\n<div class=\"wp-block-buttons is-layout-flex wp-block-buttons-is-layout-flex\">\n<div class=\"wp-block-button\"><a class=\"wp-block-button__link wp-element-button\" href=\"https:\/\/forms.gle\/PKWg2MdPRd2nt7dR9\">P\u00e5melding<\/a><\/div>\n<\/div>\n<\/div>\n<\/div>\n<\/div>\n\n\n\n<hr class=\"wp-block-separator has-alpha-channel-opacity\"\/>\n\n\n\n<div class=\"wp-block-group alignfull has-accent-5-background-color has-background has-global-padding is-layout-constrained wp-container-core-group-is-layout-d89aad35 wp-block-group-is-layout-constrained\" style=\"margin-top:0;margin-bottom:0;padding-top:var(--wp--preset--spacing--50);padding-right:var(--wp--preset--spacing--50);padding-bottom:var(--wp--preset--spacing--50);padding-left:var(--wp--preset--spacing--50)\">\n<div class=\"wp-block-columns alignwide is-layout-flex wp-container-core-columns-is-layout-1da03c2a wp-block-columns-is-layout-flex\">\n<div class=\"wp-block-column is-vertically-aligned-center is-layout-flow wp-block-column-is-layout-flow\" style=\"flex-basis:60%\">\n<figure class=\"wp-block-image size-large is-resized is-style-rounded is-style-rounded--3\"><img loading=\"lazy\" decoding=\"async\" width=\"1024\" height=\"1024\" src=\"https:\/\/drammenkulturrad.no\/wordpress\/wp-content\/uploads\/2024\/10\/IMG_2258-1024x1024.jpg\" alt=\"\" class=\"wp-image-684\" style=\"width:759px;height:auto\" srcset=\"https:\/\/drammenkulturrad.no\/wordpress\/wp-content\/uploads\/2024\/10\/IMG_2258-1024x1024.jpg 1024w, https:\/\/drammenkulturrad.no\/wordpress\/wp-content\/uploads\/2024\/10\/IMG_2258-300x300.jpg 300w, https:\/\/drammenkulturrad.no\/wordpress\/wp-content\/uploads\/2024\/10\/IMG_2258-150x150.jpg 150w, https:\/\/drammenkulturrad.no\/wordpress\/wp-content\/uploads\/2024\/10\/IMG_2258-768x768.jpg 768w, https:\/\/drammenkulturrad.no\/wordpress\/wp-content\/uploads\/2024\/10\/IMG_2258-1536x1536.jpg 1536w, https:\/\/drammenkulturrad.no\/wordpress\/wp-content\/uploads\/2024\/10\/IMG_2258-2048x2048.jpg 2048w\" sizes=\"auto, (max-width: 1024px) 100vw, 1024px\" \/><\/figure>\n<\/div>\n\n\n\n<div class=\"wp-block-column is-layout-flow wp-block-column-is-layout-flow\" style=\"flex-basis:40%\">\n<h2 class=\"wp-block-heading\">Forum for profesjonelle kulturakt\u00f8rer 23.10.24<\/h2>\n\n\n\n<p>Drammen kino<\/p>\n\n\n\n<p>Fra dagens \u00abForum for profesjonelle kulturakt\u00f8rer\u00bb arrangert av <a href=\"https:\/\/www.facebook.com\/drammenkulturrad?__cft__[0]=AZWLAHuCFje7DMX_hPeYlbu_-4WArFkuhSWGuBcIS7-duVU0CS5VeO7HvdQqozjYyGCp5vN_IyjMXGVM0JaU9foV-QvdA-egg1uAj9dzbfdqr-K3DvnJXhoMQZeFUvfqEcVCEQlGDalXKJBpBiRpP4jJoQ9JQPv_jUU8nSa3Z_GYcA&amp;__tn__=-]K-R\">Drammen kulturr\u00e5d<\/a> og <a href=\"https:\/\/www.facebook.com\/drammenkommune?__cft__[0]=AZWLAHuCFje7DMX_hPeYlbu_-4WArFkuhSWGuBcIS7-duVU0CS5VeO7HvdQqozjYyGCp5vN_IyjMXGVM0JaU9foV-QvdA-egg1uAj9dzbfdqr-K3DvnJXhoMQZeFUvfqEcVCEQlGDalXKJBpBiRpP4jJoQ9JQPv_jUU8nSa3Z_GYcA&amp;__tn__=-]K-R\">Drammen kommune<\/a>.<\/p>\n\n\n\n<p>Presentasjoner av <a href=\"https:\/\/www.facebook.com\/DrammenKino?__cft__[0]=AZWLAHuCFje7DMX_hPeYlbu_-4WArFkuhSWGuBcIS7-duVU0CS5VeO7HvdQqozjYyGCp5vN_IyjMXGVM0JaU9foV-QvdA-egg1uAj9dzbfdqr-K3DvnJXhoMQZeFUvfqEcVCEQlGDalXKJBpBiRpP4jJoQ9JQPv_jUU8nSa3Z_GYcA&amp;__tn__=-]K-R\">Drammen Kino<\/a>, <a href=\"https:\/\/www.facebook.com\/Buskerudfylke?__cft__[0]=AZWLAHuCFje7DMX_hPeYlbu_-4WArFkuhSWGuBcIS7-duVU0CS5VeO7HvdQqozjYyGCp5vN_IyjMXGVM0JaU9foV-QvdA-egg1uAj9dzbfdqr-K3DvnJXhoMQZeFUvfqEcVCEQlGDalXKJBpBiRpP4jJoQ9JQPv_jUU8nSa3Z_GYcA&amp;__tn__=-]K-R\">Buskerud fylkeskommune<\/a>, <a href=\"https:\/\/www.facebook.com\/KSKommunesektoren?__cft__[0]=AZWLAHuCFje7DMX_hPeYlbu_-4WArFkuhSWGuBcIS7-duVU0CS5VeO7HvdQqozjYyGCp5vN_IyjMXGVM0JaU9foV-QvdA-egg1uAj9dzbfdqr-K3DvnJXhoMQZeFUvfqEcVCEQlGDalXKJBpBiRpP4jJoQ9JQPv_jUU8nSa3Z_GYcA&amp;__tn__=-]K-R\">KS Kommunesektorens organisasjon<\/a>, Drammen kommune, <a href=\"https:\/\/www.facebook.com\/kulturytring?__cft__[0]=AZWLAHuCFje7DMX_hPeYlbu_-4WArFkuhSWGuBcIS7-duVU0CS5VeO7HvdQqozjYyGCp5vN_IyjMXGVM0JaU9foV-QvdA-egg1uAj9dzbfdqr-K3DvnJXhoMQZeFUvfqEcVCEQlGDalXKJBpBiRpP4jJoQ9JQPv_jUU8nSa3Z_GYcA&amp;__tn__=-]K-R\">Kulturytring<\/a>, <a href=\"https:\/\/www.facebook.com\/gatewaystudiosfornebu?__cft__[0]=AZWLAHuCFje7DMX_hPeYlbu_-4WArFkuhSWGuBcIS7-duVU0CS5VeO7HvdQqozjYyGCp5vN_IyjMXGVM0JaU9foV-QvdA-egg1uAj9dzbfdqr-K3DvnJXhoMQZeFUvfqEcVCEQlGDalXKJBpBiRpP4jJoQ9JQPv_jUU8nSa3Z_GYcA&amp;__tn__=-]K-R\">Gateway Studios<\/a>, <a href=\"https:\/\/www.facebook.com\/VikenFilmsenter?__cft__[0]=AZWLAHuCFje7DMX_hPeYlbu_-4WArFkuhSWGuBcIS7-duVU0CS5VeO7HvdQqozjYyGCp5vN_IyjMXGVM0JaU9foV-QvdA-egg1uAj9dzbfdqr-K3DvnJXhoMQZeFUvfqEcVCEQlGDalXKJBpBiRpP4jJoQ9JQPv_jUU8nSa3Z_GYcA&amp;__tn__=-]K-R\">Viken Filmsenter As<\/a> og Drammen kulturr\u00e5d. I tillegg kortfilmvisning av \u00abLukten av menneske\u00bb av Anders S\u00f8ndersr\u00f8d og Johanne Helgeland.<\/p>\n\n\n\n<p>Form\u00e5let er \u00e5 samle de profesjonelle akt\u00f8rene innen kunst- og kulturfeltet, bidra til \u00e5 bygge nettverk for kulturn\u00e6ring og styrke Drammen som regionsenter for kultur.<\/p>\n<\/div>\n<\/div>\n<\/div>\n\n\n\n<hr class=\"wp-block-separator has-alpha-channel-opacity\"\/>\n\n\n\n<div class=\"wp-block-group alignfull has-accent-5-background-color has-background has-global-padding is-layout-constrained wp-container-core-group-is-layout-d89aad35 wp-block-group-is-layout-constrained\" style=\"margin-top:0;margin-bottom:0;padding-top:var(--wp--preset--spacing--50);padding-right:var(--wp--preset--spacing--50);padding-bottom:var(--wp--preset--spacing--50);padding-left:var(--wp--preset--spacing--50)\">\n<div class=\"wp-block-columns alignwide is-layout-flex wp-container-core-columns-is-layout-1da03c2a wp-block-columns-is-layout-flex\">\n<div class=\"wp-block-column is-vertically-aligned-center is-layout-flow wp-block-column-is-layout-flow\" style=\"flex-basis:60%\">\n<figure class=\"wp-block-image size-large is-resized is-style-rounded is-style-rounded--4\"><img loading=\"lazy\" decoding=\"async\" width=\"1024\" height=\"579\" src=\"https:\/\/drammenkulturrad.no\/wordpress\/wp-content\/uploads\/2024\/10\/Invitasjon-forum-profesjonelle-kulturaktorer-23.-oktober-2024-1-1-1024x579.png\" alt=\"\" class=\"wp-image-677\" style=\"width:759px;height:auto\" srcset=\"https:\/\/drammenkulturrad.no\/wordpress\/wp-content\/uploads\/2024\/10\/Invitasjon-forum-profesjonelle-kulturaktorer-23.-oktober-2024-1-1-1024x579.png 1024w, https:\/\/drammenkulturrad.no\/wordpress\/wp-content\/uploads\/2024\/10\/Invitasjon-forum-profesjonelle-kulturaktorer-23.-oktober-2024-1-1-300x170.png 300w, https:\/\/drammenkulturrad.no\/wordpress\/wp-content\/uploads\/2024\/10\/Invitasjon-forum-profesjonelle-kulturaktorer-23.-oktober-2024-1-1-768x434.png 768w, https:\/\/drammenkulturrad.no\/wordpress\/wp-content\/uploads\/2024\/10\/Invitasjon-forum-profesjonelle-kulturaktorer-23.-oktober-2024-1-1-1536x869.png 1536w, https:\/\/drammenkulturrad.no\/wordpress\/wp-content\/uploads\/2024\/10\/Invitasjon-forum-profesjonelle-kulturaktorer-23.-oktober-2024-1-1-2048x1158.png 2048w\" sizes=\"auto, (max-width: 1024px) 100vw, 1024px\" \/><\/figure>\n<\/div>\n\n\n\n<div class=\"wp-block-column is-layout-flow wp-block-column-is-layout-flow\" style=\"flex-basis:40%\">\n<h2 class=\"wp-block-heading\">Invitasjon til: Forum for profesjonelle kulturakt\u00f8rer<\/h2>\n\n\n\n<p>Onsdag 23. oktober kl. 13:00-15:30 <\/p>\n\n\n\n<p>Drammen kino <\/p>\n<\/div>\n<\/div>\n\n\n\n<hr class=\"wp-block-separator has-alpha-channel-opacity\"\/>\n<\/div>\n\n\n\n<hr class=\"wp-block-separator has-alpha-channel-opacity\"\/>\n\n\n\n<div class=\"wp-block-group alignfull has-accent-5-background-color has-background has-global-padding is-layout-constrained wp-container-core-group-is-layout-d89aad35 wp-block-group-is-layout-constrained\" style=\"margin-top:0;margin-bottom:0;padding-top:var(--wp--preset--spacing--50);padding-right:var(--wp--preset--spacing--50);padding-bottom:var(--wp--preset--spacing--50);padding-left:var(--wp--preset--spacing--50)\">\n<div class=\"wp-block-columns alignwide is-layout-flex wp-container-core-columns-is-layout-1da03c2a wp-block-columns-is-layout-flex\">\n<div class=\"wp-block-column is-vertically-aligned-center is-layout-flow wp-block-column-is-layout-flow\" style=\"flex-basis:60%\">\n<figure class=\"wp-block-image size-large is-resized is-style-rounded is-style-rounded--5\"><img loading=\"lazy\" decoding=\"async\" width=\"1024\" height=\"1024\" src=\"https:\/\/drammenkulturrad.no\/wordpress\/wp-content\/uploads\/2024\/10\/436368080_759657479602325_1978926006772110760_n-1-1024x1024.jpg\" alt=\"\" class=\"wp-image-680\" style=\"width:759px;height:auto\" srcset=\"https:\/\/drammenkulturrad.no\/wordpress\/wp-content\/uploads\/2024\/10\/436368080_759657479602325_1978926006772110760_n-1-1024x1024.jpg 1024w, https:\/\/drammenkulturrad.no\/wordpress\/wp-content\/uploads\/2024\/10\/436368080_759657479602325_1978926006772110760_n-1-300x300.jpg 300w, https:\/\/drammenkulturrad.no\/wordpress\/wp-content\/uploads\/2024\/10\/436368080_759657479602325_1978926006772110760_n-1-150x150.jpg 150w, https:\/\/drammenkulturrad.no\/wordpress\/wp-content\/uploads\/2024\/10\/436368080_759657479602325_1978926006772110760_n-1-768x768.jpg 768w, https:\/\/drammenkulturrad.no\/wordpress\/wp-content\/uploads\/2024\/10\/436368080_759657479602325_1978926006772110760_n-1-1536x1536.jpg 1536w, https:\/\/drammenkulturrad.no\/wordpress\/wp-content\/uploads\/2024\/10\/436368080_759657479602325_1978926006772110760_n-1.jpg 2048w\" sizes=\"auto, (max-width: 1024px) 100vw, 1024px\" \/><\/figure>\n<\/div>\n\n\n\n<div class=\"wp-block-column is-layout-flow wp-block-column-is-layout-flow\" style=\"flex-basis:40%\">\n<h2 class=\"wp-block-heading\">Forum for profesjonelle kulturakt\u00f8rer 11.04.24<\/h2>\n\n\n\n<p>Drammens Teater<\/p>\n\n\n\n<p>Fra dagens &#8220;Samarbeidsforum for profesjonelle kulturakt\u00f8rer&#8221; hvor Drammen kulturr\u00e5d i samarbeid med Drammen kommune inviterte med form\u00e5l: Samle de profesjonelle akt\u00f8rene innen kunst- og kulturfeltet, bidra til at andelen statlige kulturmidler til Drammen \u00f8ker og styrke Drammen som regionsenter for kultur.<\/p>\n\n\n\n<p>\u00d8ystein Strand, avdelingsdirekt\u00f8r&nbsp;<a href=\"https:\/\/www.facebook.com\/kulturdirektoratet?__tn__=-]K*F\">Kulturdirektoratet<\/a>&nbsp;var invitert som foredragsholder. \u00d8vrig program bestod av presentasjon av Drammen kulturr\u00e5ds arbeid v\/ daglig leder&nbsp;<a href=\"https:\/\/www.facebook.com\/magnus.oseth?__tn__=-]K*F\">Magnus Aannestad Oseth<\/a>, forankring og tilrettelegging fra Drammen kommune v\/ kommunalsjef for kultur, idrett og frivillighet&nbsp;<a href=\"https:\/\/www.facebook.com\/jorunn.staavi?__tn__=-]K*F\">Jorunn Staavi Larsen<\/a>&nbsp;i tillegg til dialog og presentasjon av de fremm\u00f8tte akt\u00f8rene.<\/p>\n<\/div>\n<\/div>\n<\/div>\n\n\n\n<hr class=\"wp-block-separator has-alpha-channel-opacity\"\/>\n\n\n\n<div class=\"wp-block-group alignfull has-accent-5-background-color has-background has-global-padding is-layout-constrained wp-container-core-group-is-layout-d89aad35 wp-block-group-is-layout-constrained\" style=\"margin-top:0;margin-bottom:0;padding-top:var(--wp--preset--spacing--50);padding-right:var(--wp--preset--spacing--50);padding-bottom:var(--wp--preset--spacing--50);padding-left:var(--wp--preset--spacing--50)\">\n<div class=\"wp-block-columns alignwide is-layout-flex wp-container-core-columns-is-layout-1da03c2a wp-block-columns-is-layout-flex\">\n<div class=\"wp-block-column is-vertically-aligned-center is-layout-flow wp-block-column-is-layout-flow\" style=\"flex-basis:60%\">\n<figure class=\"wp-block-image size-large is-resized is-style-rounded is-style-rounded--6\"><img loading=\"lazy\" decoding=\"async\" width=\"1024\" height=\"571\" src=\"https:\/\/drammenkulturrad.no\/wordpress\/wp-content\/uploads\/2024\/10\/Invitasjon--1024x571.png\" alt=\"\" class=\"wp-image-678\" style=\"width:759px;height:auto\" srcset=\"https:\/\/drammenkulturrad.no\/wordpress\/wp-content\/uploads\/2024\/10\/Invitasjon--1024x571.png 1024w, https:\/\/drammenkulturrad.no\/wordpress\/wp-content\/uploads\/2024\/10\/Invitasjon--300x167.png 300w, https:\/\/drammenkulturrad.no\/wordpress\/wp-content\/uploads\/2024\/10\/Invitasjon--768x428.png 768w, https:\/\/drammenkulturrad.no\/wordpress\/wp-content\/uploads\/2024\/10\/Invitasjon--1536x857.png 1536w, https:\/\/drammenkulturrad.no\/wordpress\/wp-content\/uploads\/2024\/10\/Invitasjon-.png 1920w\" sizes=\"auto, (max-width: 1024px) 100vw, 1024px\" \/><\/figure>\n<\/div>\n\n\n\n<div class=\"wp-block-column is-layout-flow wp-block-column-is-layout-flow\" style=\"flex-basis:40%\">\n<h2 class=\"wp-block-heading\">Invitasjon til: Forum for profesjonelle kulturakt\u00f8rer<\/h2>\n\n\n\n<p>Torsdag 11. april kl. 12:30-15:30 <\/p>\n\n\n\n<p>Drammens teater <\/p>\n<\/div>\n<\/div>\n<\/div>\n\n\n\n<div class=\"wp-block-group alignwide is-layout-flow wp-block-group-is-layout-flow\" style=\"padding-top:var(--wp--preset--spacing--50);padding-bottom:var(--wp--preset--spacing--50)\">\n<figure class=\"wp-block-image size-full is-resized\"><img decoding=\"async\" src=\"https:\/\/drammenkulturrad.no\/wordpress\/wp-content\/themes\/twentytwentyfour\/assets\/images\/icon-message.webp\" alt=\"\" style=\"width:40px;height:auto\"\/><\/figure>\n\n\n\n<hr class=\"wp-block-separator has-alpha-channel-opacity is-style-wide\"\/>\n\n\n\n<div class=\"wp-block-columns is-layout-flex wp-container-core-columns-is-layout-633352e7 wp-block-columns-is-layout-flex\" style=\"padding-top:var(--wp--preset--spacing--10)\">\n<div class=\"wp-block-column is-layout-flow wp-block-column-is-layout-flow\" style=\"flex-basis:57%\">\n<h6 class=\"wp-block-heading has-x-large-font-size\">Har du innspill, ta gjerne kontakt!<\/h6>\n<\/div>\n\n\n\n<div class=\"wp-block-column is-layout-flow wp-block-column-is-layout-flow\" style=\"flex-basis:30%\">\n<div class=\"wp-block-group is-vertical is-layout-flex wp-container-core-group-is-layout-ea0cb840 wp-block-group-is-layout-flex\">\n<h3 class=\"wp-block-heading has-body-font-family has-medium-font-size\">Kontakt<\/h3>\n\n\n\n<p><a href=\"#\">post@drammenkulturrad.no<\/a><\/p>\n<\/div>\n<\/div>\n\n\n\n<div class=\"wp-block-column is-layout-flow wp-block-column-is-layout-flow\" style=\"flex-basis:30%\">\n<div class=\"wp-block-columns is-not-stacked-on-mobile is-layout-flex wp-container-core-columns-is-layout-28f84493 wp-block-columns-is-layout-flex\">\n<div class=\"wp-block-column is-layout-flow wp-block-column-is-layout-flow\">\n<div class=\"wp-block-group is-vertical is-layout-flex wp-container-core-group-is-layout-ea0cb840 wp-block-group-is-layout-flex\">\n<h3 class=\"wp-block-heading has-body-font-family has-medium-font-size\">F\u00f8lg<\/h3>\n\n\n\n<p><a href=\"https:\/\/www.facebook.com\/drammenkulturrad\" title=\"\">Facebook<\/a><\/p>\n<\/div>\n<\/div>\n<\/div>\n<\/div>\n<\/div>\n\n\n\n<div style=\"height:var(--wp--preset--spacing--50)\" aria-hidden=\"true\" class=\"wp-block-spacer\"><\/div>\n\n\n\n<div class=\"wp-block-group is-content-justification-space-between is-layout-flex wp-container-core-group-is-layout-e5edad21 wp-block-group-is-layout-flex\">\n<div class=\"wp-block-group is-layout-flex wp-container-core-group-is-layout-fe1ad1e6 wp-block-group-is-layout-flex\">\n<p class=\"has-small-font-size\">\u00a9<\/p>\n\n\n<p style=\"font-style:normal;font-weight:400;\" class=\"wp-block-site-title has-small-font-size\"><a href=\"https:\/\/drammenkulturrad.no\/wordpress\" target=\"_self\" rel=\"home\">DRAMMEN KULTURR\u00c5D<\/a><\/p><\/div>\n\n\n\n<p class=\"has-small-font-size\">\n\t\t\t\tUtformet med <a href=\"https:\/\/nb.wordpress.org\" rel=\"nofollow\">WordPress<\/a>\t\t\t<\/p>\n<\/div>\n<\/div>\n","protected":false},"excerpt":{"rendered":"<p>Form\u00e5l: Samle de profesjonelle akt\u00f8rene innen kunst- og kulturfeltet, bidra til \u00e5 bygge nettverk for kulturn\u00e6ring og styrke Drammen som regionsenter for kultur.&nbsp; Forum for profesjonelle kulturakt\u00f8rer 02.04.25 Drammens Museum Fra g\u00e5rsdagen \u00abForum for profesjonelle kulturakt\u00f8rer\u00bb arrangert av Drammen kulturr\u00e5d og Drammen kommune. Hovedtaler Kristin Danielsen, direkt\u00f8r i&nbsp;Kulturdirektoratet, holdt foredrag om &#8220;Kultur som beredskap&#8221;, samt [&hellip;]<\/p>\n","protected":false},"author":1,"featured_media":0,"parent":0,"menu_order":0,"comment_status":"closed","ping_status":"closed","template":"","meta":{"om_disable_all_campaigns":false,"_monsterinsights_skip_tracking":false,"_monsterinsights_sitenote_active":false,"_monsterinsights_sitenote_note":"","_monsterinsights_sitenote_category":0,"footnotes":""},"class_list":["post-627","page","type-page","status-publish","hentry"],"aioseo_notices":[],"_links":{"self":[{"href":"https:\/\/drammenkulturrad.no\/wordpress\/wp-json\/wp\/v2\/pages\/627","targetHints":{"allow":["GET"]}}],"collection":[{"href":"https:\/\/drammenkulturrad.no\/wordpress\/wp-json\/wp\/v2\/pages"}],"about":[{"href":"https:\/\/drammenkulturrad.no\/wordpress\/wp-json\/wp\/v2\/types\/page"}],"author":[{"embeddable":true,"href":"https:\/\/drammenkulturrad.no\/wordpress\/wp-json\/wp\/v2\/users\/1"}],"replies":[{"embeddable":true,"href":"https:\/\/drammenkulturrad.no\/wordpress\/wp-json\/wp\/v2\/comments?post=627"}],"version-history":[{"count":12,"href":"https:\/\/drammenkulturrad.no\/wordpress\/wp-json\/wp\/v2\/pages\/627\/revisions"}],"predecessor-version":[{"id":929,"href":"https:\/\/drammenkulturrad.no\/wordpress\/wp-json\/wp\/v2\/pages\/627\/revisions\/929"}],"wp:attachment":[{"href":"https:\/\/drammenkulturrad.no\/wordpress\/wp-json\/wp\/v2\/media?parent=627"}],"curies":[{"name":"wp","href":"https:\/\/api.w.org\/{rel}","templated":true}]}}