{"id":17,"date":"2024-05-06T12:22:51","date_gmt":"2024-05-06T12:22:51","guid":{"rendered":"https:\/\/drammenkulturrad.no\/wordpress\/?page_id=17"},"modified":"2026-02-23T19:47:15","modified_gmt":"2026-02-23T19:47:15","slug":"om-drammen-kulturrad","status":"publish","type":"page","link":"https:\/\/drammenkulturrad.no\/wordpress\/om-drammen-kulturrad\/","title":{"rendered":"Drammen kulturr\u00e5d"},"content":{"rendered":"\n<figure class=\"wp-block-image alignwide size-full is-style-rounded is-style-rounded--1\"><img loading=\"lazy\" decoding=\"async\" width=\"2048\" height=\"1536\" src=\"https:\/\/drammenkulturrad.no\/wordpress\/wp-content\/uploads\/2024\/06\/444154821_784664380434968_8023608734462739918_n.jpg\" alt=\"\" class=\"wp-image-111\" srcset=\"https:\/\/drammenkulturrad.no\/wordpress\/wp-content\/uploads\/2024\/06\/444154821_784664380434968_8023608734462739918_n.jpg 2048w, https:\/\/drammenkulturrad.no\/wordpress\/wp-content\/uploads\/2024\/06\/444154821_784664380434968_8023608734462739918_n-300x225.jpg 300w, https:\/\/drammenkulturrad.no\/wordpress\/wp-content\/uploads\/2024\/06\/444154821_784664380434968_8023608734462739918_n-1024x768.jpg 1024w, https:\/\/drammenkulturrad.no\/wordpress\/wp-content\/uploads\/2024\/06\/444154821_784664380434968_8023608734462739918_n-768x576.jpg 768w, https:\/\/drammenkulturrad.no\/wordpress\/wp-content\/uploads\/2024\/06\/444154821_784664380434968_8023608734462739918_n-1536x1152.jpg 1536w\" sizes=\"auto, (max-width: 2048px) 100vw, 2048px\" \/><\/figure>\n\n\n\n<p><br><strong>Drammen kulturr\u00e5d er en paraplyorganisasjon<\/strong>&nbsp;for kulturlivet i Drammen og arbeider for kulturell utvikling gjennom samarbeid med kulturorganisasjonene innenfor alle kulturformer. Drammen kulturr\u00e5d arbeider aktivt for at Drammen skal ha et godt og attraktivt kulturtilbud i hele bredden av kulturfeltet &#8211; kulturfrivilligheten, kulturinstitusjonene og det profesjonelle feltet.<\/p>\n\n\n\n<p><\/p>\n\n\n\n<details class=\"wp-block-details is-layout-flow wp-block-details-is-layout-flow\"><summary><\/summary>\n<p><\/p>\n<\/details>\n\n\n\n<p>Form\u00e5l:<\/p>\n\n\n\n<p>Drammen kulturr\u00e5d skal: arbeide for kulturlivets og kulturorganisasjonenes utvikling og rammebetingelser i Drammen kommune, representere kulturlivet i Drammen overfor kommune og fylkesadministrasjon. <\/p>\n\n\n\n<p>Drammen kulturr\u00e5d skal v\u00e6re et organ for samordning p\u00e5 tvers av kultursjangre.<\/p>\n\n\n\n<p>Drammen kulturr\u00e5d er h\u00f8ringsinstans for alle kultursaker i kommunen. Rammebetingelser for \u00f8konomi, lokaler og kulturpolitikk er tre sentrale arbeidsoppgaver. Kulturens plass i samfunnet gjennom hele livet er viktig for Drammenregionen og Drammen kulturr\u00e5d er en aktiv p\u00e5driver for at kulturen skal spille en viktig rolle i samfunnet generelt og i de kommunale budsjettene.  <\/p>\n\n\n\n<p>Drammen kulturr\u00e5d \u00f8nsker \u00e5 bidra til at alle innbyggerne, b\u00e5de barn, ungdom og voksne, har et godt tilbud av kulturopplevelser. B\u00e5de gjennom aktiv deltagelse og som publikum.<\/p>\n\n\n\n<p><\/p>\n\n\n\n<p><\/p>\n\n\n\n<figure class=\"wp-block-image alignwide size-full is-style-rounded is-style-rounded--2\"><img loading=\"lazy\" decoding=\"async\" width=\"2560\" height=\"1920\" src=\"https:\/\/drammenkulturrad.no\/wordpress\/wp-content\/uploads\/2025\/05\/FINAL-IMG_4159-7-scaled.jpg\" alt=\"\" class=\"wp-image-944\" srcset=\"https:\/\/drammenkulturrad.no\/wordpress\/wp-content\/uploads\/2025\/05\/FINAL-IMG_4159-7-scaled.jpg 2560w, https:\/\/drammenkulturrad.no\/wordpress\/wp-content\/uploads\/2025\/05\/FINAL-IMG_4159-7-300x225.jpg 300w, https:\/\/drammenkulturrad.no\/wordpress\/wp-content\/uploads\/2025\/05\/FINAL-IMG_4159-7-1024x768.jpg 1024w, https:\/\/drammenkulturrad.no\/wordpress\/wp-content\/uploads\/2025\/05\/FINAL-IMG_4159-7-768x576.jpg 768w, https:\/\/drammenkulturrad.no\/wordpress\/wp-content\/uploads\/2025\/05\/FINAL-IMG_4159-7-1536x1152.jpg 1536w, https:\/\/drammenkulturrad.no\/wordpress\/wp-content\/uploads\/2025\/05\/FINAL-IMG_4159-7-2048x1536.jpg 2048w\" sizes=\"auto, (max-width: 2560px) 100vw, 2560px\" \/><\/figure>\n\n\n\n<h4 class=\"wp-block-heading\"><strong>DAGLIG LEDER:<\/strong><\/h4>\n\n\n\n<div class=\"wp-block-media-text is-stacked-on-mobile\"><figure class=\"wp-block-media-text__media\"><img loading=\"lazy\" decoding=\"async\" width=\"377\" height=\"426\" src=\"https:\/\/drammenkulturrad.no\/wordpress\/wp-content\/uploads\/2024\/05\/Magnus21.jpg\" alt=\"\" class=\"wp-image-18 size-full\" srcset=\"https:\/\/drammenkulturrad.no\/wordpress\/wp-content\/uploads\/2024\/05\/Magnus21.jpg 377w, https:\/\/drammenkulturrad.no\/wordpress\/wp-content\/uploads\/2024\/05\/Magnus21-265x300.jpg 265w\" sizes=\"auto, (max-width: 377px) 100vw, 377px\" \/><\/figure><div class=\"wp-block-media-text__content\">\n<p><\/p>\n\n\n\n<p><\/p>\n\n\n\n<p><strong>Magnus Aannestad Oseth, daglig leder 50%<\/strong><\/p>\n\n\n\n<p>Magnus<strong>&nbsp;<\/strong>er utdannet med mastergrad i ut\u00f8vende jazztrompet fra Rytmisk Musikkonservatorium (RMC) i K\u00f8benhavn. Han jobber som freelance trompetist. I 2020 ble han utnevnt som \u00e5rets fylkeskunstner i Viken Fylkeskommune. \u00c5ret etter ble han tildelt statens kunstnerstipend. I tillegg er han musikalsk leder for Buskerud Ungdomsjazzorkester og ansatt i 50% stilling som daglig leder i Drammen kulturr\u00e5d.<\/p>\n<\/div><\/div>\n\n\n\n<h4 class=\"wp-block-heading\"><strong>STYRET: <\/strong><\/h4>\n\n\n\n<div class=\"wp-block-media-text is-stacked-on-mobile\"><figure class=\"wp-block-media-text__media\"><img loading=\"lazy\" decoding=\"async\" width=\"768\" height=\"1024\" src=\"https:\/\/drammenkulturrad.no\/wordpress\/wp-content\/uploads\/2026\/02\/TAB5285-768x1024.jpeg\" alt=\"\" class=\"wp-image-1027 size-full\" srcset=\"https:\/\/drammenkulturrad.no\/wordpress\/wp-content\/uploads\/2026\/02\/TAB5285-768x1024.jpeg 768w, https:\/\/drammenkulturrad.no\/wordpress\/wp-content\/uploads\/2026\/02\/TAB5285-225x300.jpeg 225w, https:\/\/drammenkulturrad.no\/wordpress\/wp-content\/uploads\/2026\/02\/TAB5285-1152x1536.jpeg 1152w, https:\/\/drammenkulturrad.no\/wordpress\/wp-content\/uploads\/2026\/02\/TAB5285-1536x2048.jpeg 1536w, https:\/\/drammenkulturrad.no\/wordpress\/wp-content\/uploads\/2026\/02\/TAB5285-scaled.jpeg 1920w\" sizes=\"auto, (max-width: 768px) 100vw, 768px\" \/><\/figure><div class=\"wp-block-media-text__content\">\n<p><\/p>\n\n\n\n<p><strong>Gunnar Grinaker, styreleder<\/strong><\/p>\n\n\n\n<p>Gunnar er daglig leder og prosjektleder i Musikkontoret \u00d8KS. <\/p>\n<\/div><\/div>\n\n\n\n<div class=\"wp-block-media-text is-stacked-on-mobile\"><figure class=\"wp-block-media-text__media\"><img loading=\"lazy\" decoding=\"async\" width=\"538\" height=\"614\" src=\"https:\/\/drammenkulturrad.no\/wordpress\/wp-content\/uploads\/2024\/05\/hansmartin1.jpg\" alt=\"\" class=\"wp-image-20 size-full\" srcset=\"https:\/\/drammenkulturrad.no\/wordpress\/wp-content\/uploads\/2024\/05\/hansmartin1.jpg 538w, https:\/\/drammenkulturrad.no\/wordpress\/wp-content\/uploads\/2024\/05\/hansmartin1-263x300.jpg 263w\" sizes=\"auto, (max-width: 538px) 100vw, 538px\" \/><\/figure><div class=\"wp-block-media-text__content\">\n<p><\/p>\n\n\n\n<p><strong>Hans Martin \u00d8ien,          nestleder <\/strong>    <\/p>\n\n\n\n<p>Hans Martin&nbsp;bor p\u00e5 Berger, og er skulpt\u00f8r og billedhugger. Hans produksjon har v\u00e6rt formidlet b\u00e5de gjennom separatutstillinger og kollektivutstillinger. I tillegg har han utsmykket det offentlige rom i mange sammenhenger. Han har vunnet h\u00f8ythengende priser og hatt flere organisasjonsverv, blant annet som formann i Norsk Billedhuggerforening.<\/p>\n<\/div><\/div>\n\n\n\n<div class=\"wp-block-media-text is-stacked-on-mobile\"><figure class=\"wp-block-media-text__media\"><img loading=\"lazy\" decoding=\"async\" width=\"377\" height=\"362\" src=\"https:\/\/drammenkulturrad.no\/wordpress\/wp-content\/uploads\/2024\/05\/siri1.jpg\" alt=\"\" class=\"wp-image-21 size-full\" srcset=\"https:\/\/drammenkulturrad.no\/wordpress\/wp-content\/uploads\/2024\/05\/siri1.jpg 377w, https:\/\/drammenkulturrad.no\/wordpress\/wp-content\/uploads\/2024\/05\/siri1-300x288.jpg 300w\" sizes=\"auto, (max-width: 377px) 100vw, 377px\" \/><\/figure><div class=\"wp-block-media-text__content\">\n<p><\/p>\n\n\n\n<p><\/p>\n\n\n\n<p><\/p>\n\n\n\n<p><\/p>\n\n\n\n<p><strong>Siri Ulrikke H\u00f8ye, styremedlem<\/strong><\/p>\n\n\n\n<p>Siri&nbsp;er f\u00f8dt og oppvokst i Drammen. Hun er utdannet arkitekt i \u00c5rhus og Wien, og bor i dag p\u00e5 Bragernes med samboer og to barn. Siri jobber for Mad arkitekter i Oslo. Siri er levende opptatt av hvordan de bygde omgivelsene preger b\u00e5de mennesker og samfunn. Arkitektur ber\u00f8rer b\u00e5de folkehelse, \u00f8konomi, milj\u00f8 og kultur. Siri har de siste \u00e5rene engasjert seg i hvordan det bygges og planlegges i Drammen gjennom kronikker, innlegg og debatt.<\/p>\n<\/div><\/div>\n\n\n\n<div class=\"wp-block-media-text is-stacked-on-mobile\"><figure class=\"wp-block-media-text__media\"><img loading=\"lazy\" decoding=\"async\" width=\"883\" height=\"1024\" src=\"https:\/\/drammenkulturrad.no\/wordpress\/wp-content\/uploads\/2025\/04\/Christer-utsnitt-883x1024.jpg\" alt=\"\" class=\"wp-image-930 size-full\" srcset=\"https:\/\/drammenkulturrad.no\/wordpress\/wp-content\/uploads\/2025\/04\/Christer-utsnitt-883x1024.jpg 883w, https:\/\/drammenkulturrad.no\/wordpress\/wp-content\/uploads\/2025\/04\/Christer-utsnitt-259x300.jpg 259w, https:\/\/drammenkulturrad.no\/wordpress\/wp-content\/uploads\/2025\/04\/Christer-utsnitt-768x891.jpg 768w, https:\/\/drammenkulturrad.no\/wordpress\/wp-content\/uploads\/2025\/04\/Christer-utsnitt-1324x1536.jpg 1324w, https:\/\/drammenkulturrad.no\/wordpress\/wp-content\/uploads\/2025\/04\/Christer-utsnitt-1765x2048.jpg 1765w, https:\/\/drammenkulturrad.no\/wordpress\/wp-content\/uploads\/2025\/04\/Christer-utsnitt.jpg 1773w\" sizes=\"auto, (max-width: 883px) 100vw, 883px\" \/><\/figure><div class=\"wp-block-media-text__content\">\n<p><strong>Christer Karlstad, styremedlem<\/strong><\/p>\n\n\n\n<p>Christer er billedkunstner og bor og arbeider p\u00e5 Austad i Drammen. Han jobber utelukkende med oljemaleri, og er utdannet ved Statens Kunstakademi og Glasgow School of Fine Art. Christer har deltatt p\u00e5 flere Museumsutstillinger og har holdt en rekke separatutstillinger i inn-og utland. Han representeres av Galleri Semmingsen i Oslo. For tiden sitter han ogs\u00e5 i Fylkeskommunens fagr\u00e5d for DKS Buskerud (den kulturelle skolesekken)<\/p>\n<\/div><\/div>\n\n\n\n<div class=\"wp-block-media-text is-stacked-on-mobile\"><figure class=\"wp-block-media-text__media\"><img loading=\"lazy\" decoding=\"async\" width=\"576\" height=\"863\" src=\"https:\/\/drammenkulturrad.no\/wordpress\/wp-content\/uploads\/2024\/05\/wenche1.jpg\" alt=\"\" class=\"wp-image-23 size-full\" srcset=\"https:\/\/drammenkulturrad.no\/wordpress\/wp-content\/uploads\/2024\/05\/wenche1.jpg 576w, https:\/\/drammenkulturrad.no\/wordpress\/wp-content\/uploads\/2024\/05\/wenche1-200x300.jpg 200w\" sizes=\"auto, (max-width: 576px) 100vw, 576px\" \/><\/figure><div class=\"wp-block-media-text__content\">\n<p><strong>Wenche Brun, styremedlem<\/strong><\/p>\n\n\n\n<p>Wenche<strong> <\/strong>er gr\u00fcnder av Attic AS , et senter for dans og scenekunst, pilates og yoga i Drammen. Der har hun v\u00e6rt daglig leder og pedagog gjennom 35 \u00e5r. Gjennom disse \u00e5rene har Wenche bygget opp og skapt et av landets st\u00f8rste senter innen denne formen. Ved siden av har hun jobbet kontinuerlig med forestillinger, egne prosjekter og i samarbeid med ulike akt\u00f8rer. Drammen kommune har n\u00e5 overtatt Attic AS. Hun er n\u00e5 aksjon\u00e6r i Flow AS, et nytt yoga, pilates og movement studio i Drammen , hvor hun ogs\u00e5 underviser noen klasser. Hun har gjennom mange \u00e5r ved siden av tatt kurs i b\u00e5de samisk og Native Americans tradisjoner og behandlinger. De siste \u00e5rene har hun deltatt p\u00e5 kurs i De nye energier og medisinhjul. Hun tilbyr energibehandlinger og workshop.<\/p>\n<\/div><\/div>\n\n\n\n<div class=\"wp-block-media-text is-stacked-on-mobile\"><figure class=\"wp-block-media-text__media\"><img loading=\"lazy\" decoding=\"async\" width=\"990\" height=\"1024\" src=\"https:\/\/drammenkulturrad.no\/wordpress\/wp-content\/uploads\/2024\/09\/IMG_0235-3-1-e1727645189513-990x1024.png\" alt=\"\" class=\"wp-image-580 size-full\" srcset=\"https:\/\/drammenkulturrad.no\/wordpress\/wp-content\/uploads\/2024\/09\/IMG_0235-3-1-e1727645189513-990x1024.png 990w, https:\/\/drammenkulturrad.no\/wordpress\/wp-content\/uploads\/2024\/09\/IMG_0235-3-1-e1727645189513-290x300.png 290w, https:\/\/drammenkulturrad.no\/wordpress\/wp-content\/uploads\/2024\/09\/IMG_0235-3-1-e1727645189513-768x794.png 768w, https:\/\/drammenkulturrad.no\/wordpress\/wp-content\/uploads\/2024\/09\/IMG_0235-3-1-e1727645189513-1485x1536.png 1485w, https:\/\/drammenkulturrad.no\/wordpress\/wp-content\/uploads\/2024\/09\/IMG_0235-3-1-e1727645189513-1980x2048.png 1980w\" sizes=\"auto, (max-width: 990px) 100vw, 990px\" \/><\/figure><div class=\"wp-block-media-text__content\">\n<p><strong>Truls Liang, styremedlem<\/strong><\/p>\n\n\n\n<p>Truls har en omfattende og variert arbeidserfaring. Han har innehatt sentrale roller i kulturlivet, blant annet som leder for produktutvikling i Ticketmaster, prosjektleder i Kongsberg Jazzfestival og kommunikasjonsr\u00e5dgiver ved B\u00e6rum Kulturhus. Han har kompetanse innen politikk, frivillighet, kommunikasjon og arrangementsorganisering. I Ticketmaster er han en del av et nordisk ekspertteam innen billettsystemteknologi og var ansvarlig for utrullingen av nye produkter og funksjoner i Norge, Sverige og Finland. Hans n\u00e5v\u00e6rende stilling som Product Operations Manager i Ticketmaster North Region gir ham ogs\u00e5 ledelseserfaring og ekspertise innen teamutvikling og produktleveranser.<\/p>\n<\/div><\/div>\n\n\n\n<div class=\"wp-block-group alignwide has-global-padding is-layout-constrained wp-block-group-is-layout-constrained\">\n<div class=\"wp-block-group alignwide is-layout-flow wp-block-group-is-layout-flow\" style=\"padding-top:var(--wp--preset--spacing--50);padding-bottom:var(--wp--preset--spacing--50)\">\n<figure class=\"wp-block-image size-full is-resized\"><img decoding=\"async\" src=\"https:\/\/drammenkulturrad.no\/wordpress\/wp-content\/themes\/twentytwentyfour\/assets\/images\/icon-message.webp\" alt=\"\" style=\"width:40px;height:auto\"\/><\/figure>\n\n\n\n<hr class=\"wp-block-separator has-alpha-channel-opacity is-style-wide\"\/>\n\n\n\n<div class=\"wp-block-columns is-layout-flex wp-container-core-columns-is-layout-633352e7 wp-block-columns-is-layout-flex\" style=\"padding-top:var(--wp--preset--spacing--10)\">\n<div class=\"wp-block-column is-layout-flow wp-block-column-is-layout-flow\" style=\"flex-basis:57%\">\n<h6 class=\"wp-block-heading has-x-large-font-size\">Har du innspill, ta gjerne kontakt!<\/h6>\n<\/div>\n\n\n\n<div class=\"wp-block-column is-layout-flow wp-block-column-is-layout-flow\" style=\"flex-basis:30%\">\n<div class=\"wp-block-group is-vertical is-layout-flex wp-container-core-group-is-layout-ea0cb840 wp-block-group-is-layout-flex\">\n<h3 class=\"wp-block-heading has-body-font-family has-medium-font-size\">Kontakt<\/h3>\n\n\n\n<p><a href=\"#\">post@drammenkulturrad.no<\/a><\/p>\n<\/div>\n<\/div>\n\n\n\n<div class=\"wp-block-column is-layout-flow wp-block-column-is-layout-flow\" style=\"flex-basis:30%\">\n<div class=\"wp-block-columns is-not-stacked-on-mobile is-layout-flex wp-container-core-columns-is-layout-28f84493 wp-block-columns-is-layout-flex\">\n<div class=\"wp-block-column is-layout-flow wp-block-column-is-layout-flow\">\n<div class=\"wp-block-group is-vertical is-layout-flex wp-container-core-group-is-layout-ea0cb840 wp-block-group-is-layout-flex\">\n<h3 class=\"wp-block-heading has-body-font-family has-medium-font-size\">F\u00f8lg<\/h3>\n\n\n\n<p><a href=\"https:\/\/www.facebook.com\/drammenkulturrad\" title=\"\">Facebook<\/a><\/p>\n<\/div>\n<\/div>\n<\/div>\n<\/div>\n<\/div>\n\n\n\n<div style=\"height:var(--wp--preset--spacing--50)\" aria-hidden=\"true\" class=\"wp-block-spacer\"><\/div>\n\n\n\n<div class=\"wp-block-group is-content-justification-space-between is-layout-flex wp-container-core-group-is-layout-e5edad21 wp-block-group-is-layout-flex\">\n<div class=\"wp-block-group is-layout-flex wp-container-core-group-is-layout-fe1ad1e6 wp-block-group-is-layout-flex\">\n<p class=\"has-small-font-size\">\u00a9<\/p>\n\n\n<p style=\"font-style:normal;font-weight:400;\" class=\"wp-block-site-title has-small-font-size\"><a href=\"https:\/\/drammenkulturrad.no\/wordpress\" target=\"_self\" rel=\"home\">DRAMMEN KULTURR\u00c5D<\/a><\/p><\/div>\n\n\n\n<p class=\"has-small-font-size\">\n\t\t\t\tUtformet med <a href=\"https:\/\/nb.wordpress.org\" rel=\"nofollow\">WordPress<\/a>\t\t\t<\/p>\n<\/div>\n<\/div>\n<\/div>\n\n\n\n<p><\/p>\n","protected":false},"excerpt":{"rendered":"<p>Drammen kulturr\u00e5d er en paraplyorganisasjon&nbsp;for kulturlivet i Drammen og arbeider for kulturell utvikling gjennom samarbeid med kulturorganisasjonene innenfor alle kulturformer. Drammen kulturr\u00e5d arbeider aktivt for at Drammen skal ha et godt og attraktivt kulturtilbud i hele bredden av kulturfeltet &#8211; kulturfrivilligheten, kulturinstitusjonene og det profesjonelle feltet. Form\u00e5l: Drammen kulturr\u00e5d skal: arbeide for kulturlivets og kulturorganisasjonenes [&hellip;]<\/p>\n","protected":false},"author":1,"featured_media":0,"parent":0,"menu_order":0,"comment_status":"closed","ping_status":"closed","template":"","meta":{"om_disable_all_campaigns":false,"_monsterinsights_skip_tracking":false,"_monsterinsights_sitenote_active":false,"_monsterinsights_sitenote_note":"","_monsterinsights_sitenote_category":0,"footnotes":""},"class_list":["post-17","page","type-page","status-publish","hentry"],"aioseo_notices":[],"_links":{"self":[{"href":"https:\/\/drammenkulturrad.no\/wordpress\/wp-json\/wp\/v2\/pages\/17","targetHints":{"allow":["GET"]}}],"collection":[{"href":"https:\/\/drammenkulturrad.no\/wordpress\/wp-json\/wp\/v2\/pages"}],"about":[{"href":"https:\/\/drammenkulturrad.no\/wordpress\/wp-json\/wp\/v2\/types\/page"}],"author":[{"embeddable":true,"href":"https:\/\/drammenkulturrad.no\/wordpress\/wp-json\/wp\/v2\/users\/1"}],"replies":[{"embeddable":true,"href":"https:\/\/drammenkulturrad.no\/wordpress\/wp-json\/wp\/v2\/comments?post=17"}],"version-history":[{"count":43,"href":"https:\/\/drammenkulturrad.no\/wordpress\/wp-json\/wp\/v2\/pages\/17\/revisions"}],"predecessor-version":[{"id":1029,"href":"https:\/\/drammenkulturrad.no\/wordpress\/wp-json\/wp\/v2\/pages\/17\/revisions\/1029"}],"wp:attachment":[{"href":"https:\/\/drammenkulturrad.no\/wordpress\/wp-json\/wp\/v2\/media?parent=17"}],"curies":[{"name":"wp","href":"https:\/\/api.w.org\/{rel}","templated":true}]}}